{"id":97,"date":"2013-02-27T19:23:22","date_gmt":"2013-02-27T19:23:22","guid":{"rendered":"http:\/\/psicologia.faccat.br\/blog\/?page_id=97"},"modified":"2023-04-25T18:47:28","modified_gmt":"2023-04-25T18:47:28","slug":"professores","status":"publish","type":"page","link":"https:\/\/psicologia.faccat.br\/blog\/curso\/professores\/","title":{"rendered":"Professores"},"content":{"rendered":"<p><a href=\"http:\/\/buscatextual.cnpq.br\/buscatextual\/visualizacv.do?id=K4265219J8\">\u00a0Alessandra Rodrigues Jacoby<\/a><\/p>\n<p style=\"text-align: justify;\"><em><strong>Psic\u00f3loga (UNISINOS), Mestre em Psicologia (UNISIN<\/strong><strong>OS)<\/strong><\/em><\/p>\n<p><strong>Disciplina:<\/strong> Psicologia do Trabalho.<\/p>\n<p><strong>Atividades: <\/strong>Supervisora Acad\u00eamica, Orientadora de Trabalho de Conclus\u00e3o e Supervisora do Centro de Servi\u00e7os em Psicologia (CESEP), Coordenadora de Est\u00e1gios.<\/p>\n<p><strong>Temas de Estudo:<\/strong> Ass\u00e9dio Moral, Sa\u00fade do Trabalhador, Qualidade de Vida no Trabalho.<\/p>\n<p><strong>E-mail:<\/strong> ale@faccat.br<\/p>\n<p><a href=\"http:\/\/lattes.cnpq.br\/3068093986373973\">Alice Rodrigues Wilhelm\u00a0<\/a><\/p>\n<p><strong>Psic\u00f3loga (PUCRS)\u00a0 Mestre\u00a0 em Psicologia (UFRGS), atualmente doutoranda (UFRGS).<\/strong><\/p>\n<p><strong>Disciplinas:\u00a0<\/strong>T\u00e9cnicas Cognitivo Comportamentais, Neuropsicologia.<\/p>\n<p><strong>Atividades: <\/strong>Supervisora Acad\u00eamica,\u00a0Orientadora de Trabalho de Conclus\u00e3o e\u00a0Supervisora do Centro de Servi\u00e7os em Psicologia (CESEP).<\/p>\n<p><strong>Temas de estudo: <\/strong>Psicologia Cognitiva, Experimental, Processos Cognitivos e Atencionais.<\/p>\n<p><strong>E-mail:<\/strong> alicewilhelm@faccat.br<\/p>\n<p><a href=\"http:\/\/buscatextual.cnpq.br\/buscatextual\/visualizacv.do?id=K4794401P6\"><strong>\u00c2ngela Carina Paradiso<\/strong><\/a><\/p>\n<p><em><strong>Psic\u00f3loga, Mestre e Doutora<\/strong> <strong>(UFRGS). Forma\u00e7\u00e3o em Orienta\u00e7\u00e3o Profissional pelo Instituto do Ser (S\u00e3o Paulo)<\/strong><\/em><\/p>\n<p><strong>Disciplinas:\u00a0<\/strong>Orienta\u00e7\u00e3o Profissional e Psicologia Comunit\u00e1ria.<\/p>\n<p><strong>Temas de estudo: <\/strong>Satisfa\u00e7\u00e3o com a escolha profissional, desenvolvimento de carreira de universit\u00e1rios e jovens trabalhadores, tempo livre e qualidade de vida de adolescentes, uso de indicadores e avalia\u00e7\u00e3o de programas sociais.<\/p>\n<p><strong>Atividades: <\/strong>Coordenadora do Centro de Servi\u00e7os em Psicologia (CESEP),<strong>\u00a0<\/strong>Orientadora de Trabalho de Conclus\u00e3o, Supervisora Acad\u00eamica e Supervisora do Centro de Servi\u00e7os em Psicologia (CESEP).<\/p>\n<p><strong>E-mail:<\/strong> angelaparadiso@faccat.br<\/p>\n<p><strong><a href=\"http:\/\/buscatextual.cnpq.br\/buscatextual\/visualizacv.do?id=K4765287J5\">\u00a0Ana Paula Lazzaretti de Souza<\/a><\/strong><\/p>\n<p><em><strong>Psic\u00f3loga (UFRGS), Mestre e Doutora em Psicologia (UFRGS<\/strong><strong>)<\/strong><\/em><\/p>\n<p><strong>Disciplinas:<\/strong> Psicologia da Sa\u00fade<strong>;<\/strong> Psicologia Comunit\u00e1ria e Psicologia Social.<strong><br \/>\n<\/strong><\/p>\n<p><strong>Temas de Estudo:<\/strong> Psicologia do Desenvolvimento Humano, atuando principalmente nos seguintes temas: adolesc\u00eancia, direitos da crian\u00e7a e do adolescente, interven\u00e7\u00e3o social, participa\u00e7\u00e3o social e protagonismo juvenil.<\/p>\n<p><strong>Atividades:<\/strong>\u00a0Coordenadora do Curso de Psicologia,<strong>\u00a0<\/strong>Orientadora de Trabalho de Conclus\u00e3o, Supervisora Acad\u00eamica e Supervisora do Centro de Servi\u00e7os em Psicologia (CESEP).<\/p>\n<p><strong>E-mail:<\/strong> anasouza@faccat.br<\/p>\n<p><strong><a href=\"http:\/\/buscatextual.cnpq.br\/buscatextual\/busca.do#\">Beatriz Cancela Cattani<\/a><\/strong><\/p>\n<p><em><strong>Psic\u00f3loga (PUCRS). Especialista em Psicologia Cl\u00ednica &#8211; \u00canfase em Avalia\u00e7\u00e3o Psicol\u00f3gica (UFRGS). Mestre (2016) e doutoranda em Psicologia (UFRGS)<\/strong><\/em><\/p>\n<p><strong>Disciplina:\u00a0<\/strong>Entrevista Psicol\u00f3gica; T\u00e9cnicas Projetivas I e Psicodiagn\u00f3stico.<\/p>\n<p><strong>Temas de estudo: <\/strong>\u00a0Avalia\u00e7\u00e3o Psicol\u00f3gica.<\/p>\n<p><strong>Atividades: <\/strong>Supervisora Acad\u00eamica,\u00a0Orientadora de Trabalho de Conclus\u00e3o e\u00a0Supervisora do Centro de Servi\u00e7os em Psicologia (CESEP).<\/p>\n<p><strong>E-mail:\u00a0<\/strong>beatrizcattani@faccat.br<\/p>\n<p><strong><a href=\"http:\/\/buscatextual.cnpq.br\/buscatextual\/visualizacv.do?id=K4232974P0\">Cristiane Feil<\/a><\/strong><\/p>\n<p><em><strong>Mestre em Psicologia &#8211; Cogni\u00e7\u00e3o Humana (PUCRS) especialista em Psicoterapia da Inf\u00e2ncia e Adolesc\u00eancia (CEAPIA) e gradua\u00e7\u00e3o em Psicologia (PUCRS).\u00a0<\/strong><\/em><\/p>\n<p><strong>Disciplina:\u00a0<\/strong>Psicologia Escolar, Desenvolvimento Humano na Inf\u00e2ncia, Interven\u00e7\u00f5es em Processos Educativos.<\/p>\n<p><strong>Temas de estudo:\u00a0<\/strong>Desenvolvimento Humano, Avalia\u00e7\u00e3o Psicol\u00f3gica, Valida\u00e7\u00e3o de instrumentos, Psicoterapia Psicanal\u00edtica e Psicologia escolar.<\/p>\n<p><strong>Atividades: <\/strong>Supervisora Acad\u00eamica,\u00a0Orientadora de Trabalho de Conclus\u00e3o e\u00a0Supervisora do Centro de Servi\u00e7os em Psicologia (CESEP).<\/p>\n<p><strong>E-mail:\u00a0<\/strong>cristianefeil@faccat.br<\/p>\n<p><b><a title=\"Curr\u00edculo\" href=\"http:\/\/buscatextual.cnpq.br\/buscatextual\/visualizacv.do?id=K4778407D0\">C\u00e1rmen Marilei Gomes<\/a><\/b><\/p>\n<p><em><strong>Bi\u00f3loga (UFRGS), Mestre e Doutora em Neuroci\u00eancias (UFRGS), P\u00f3s-Doutora em Fisiologia (USP)<\/strong><\/em><\/p>\n<p><b>Disciplinas: <\/b>Neuroanatomia; Neurofisiologia; Gen\u00e9tica Aplicada \u00e0 Psicologia.<\/p>\n<p><strong>Atividades:<\/strong> Coordenadora do Grupo de Pesquisa &#8220;Neurobiologia do Estresse&#8221;; Membro no N\u00facleo Docente Estruturante do Curso de Psicologia, Supervisora do Centro de Servi\u00e7os em Psicologia (CESEP) e Coordenadora dos Trabalhos de Conclus\u00e3o de Curso.<\/p>\n<p><b>Temas de estudo: <\/b>Estresse; Depress\u00e3o materna; Influ\u00eancia do enriquecimento ambiental sobre o comportamento infantil.<\/p>\n<p><b>E-mail: <\/b>cmarilei@faccat.br<\/p>\n<p><strong><span style=\"color: #ff6600;\"><a href=\"http:\/\/lattes.cnpq.br\/5191176298136533\">\u00a0Giovana Macedo dos Santos\u00a0\u00a0<\/a><\/span><\/strong><\/p>\n<p><em><strong>Psic\u00f3loga (UCPel), P\u00f3s Gradua\u00e7\u00e3o em Psicologia Organizacional e Mestrado em Administra\u00e7\u00e3o e Neg\u00f3cios (PUCRS). <\/strong><\/em><\/p>\n<p><strong>Temas de estudo:<\/strong> Psicologia e Administra\u00e7\u00e3o voltada para \u00e1rea de Recursos Humanos.<\/p>\n<p><strong>Disciplina:<\/strong> Psicologia Institucional; Psicologia dos Grupos.<\/p>\n<p><strong>Atividades:<\/strong> Orientadora de Trabalhos de Conclus\u00e3o, Supervisora Acad\u00eamica de Est\u00e1gios.<\/p>\n<p><strong>E-mail:<\/strong> giovanasantos@faccat.br<\/p>\n<p><b><a href=\"http:\/\/buscatextual.cnpq.br\/buscatextual\/visualizacv.do?id=K4762747J8\">\u00a0Giovanni <b>Kuckartz <\/b> Pergher\u00a0<\/a><\/b><\/p>\n<p><b><i>Psic\u00f3logo (P<\/i><\/b><b><i>UCRS), Mestre em Psicologia Social e da Personalidade (PUCRS)<\/i><\/b><\/p>\n<p><b>Disciplinas: <\/b>Psicologia Geral; Introdu\u00e7\u00e3o \u00e0 Psicopatologia; Psicologia da Personalidade; Motiva\u00e7\u00e3o e Emo\u00e7\u00e3o; Psicopatologia: Transtornos Gerais e Espec\u00edficos;\u00a0 Estat\u00edstica II; Est\u00e1gio Profissional I e II.<\/p>\n<p><strong> Atividades:<\/strong>\u00a0Orientador de Trabalho de Conclus\u00e3o e Supervisor do Centro de Servi\u00e7os em Psicologia (CESEP)<\/p>\n<p><b>Temas de estudo: <\/b>Psicologia cognitiva; Terapia cognitiva; Psicologia jur\u00eddica forense; Cogni\u00e7\u00e3o e comportamento.<\/p>\n<p><b>E-mail: <\/b>giovannipergher@faccat.br<\/p>\n<p><b><a href=\"http:\/\/lattes.cnpq.br\/2247293999032012\">Let\u00edcia Horn Oliveira\u00a0<\/a>\u00a0<\/b><\/p>\n<p><strong><em>Psic\u00f3loga (PUCRS), Especialista em Psicologia Organizacional (IDG), <\/em><\/strong><strong><em>Mestre em Psicologia Social e da Personalidade (PUCRS), Doutora em Psicologia (PUCRS).<\/em><\/strong><b><i><br \/>\n<\/i><\/b><\/p>\n<p><b>Disciplinas: <\/b>Gest\u00e3o de Pessoas; Gest\u00e3o de Empresas; Metodologia Cient\u00edfica e Orienta\u00e7\u00e3o Profissional.<b><br \/>\n<\/b><\/p>\n<p><strong>Atividades:\u00a0<\/strong>Orientadora de Trabalho de Conclus\u00e3o, Supervisora do Centro de Servi\u00e7os em Psicologia (CESEP) e Coordenadora do N\u00facleo de Orienta\u00e7\u00e3o Profissional e de Carreira (NOPC).<\/p>\n<p><b> <\/b><b>Temas de estudo: <\/b>Psicologia Social, Psicologia da Personalidade, Psicologia Organizacional.<\/p>\n<p><b>E-mail:<\/b> leticiaoliveira@faccat.br<\/p>\n<p><a href=\"http:\/\/lattes.cnpq.br\/1160170542763942\">\u00a0<b>\u00a0Luciele Nardi Comunello<\/b><\/a><\/p>\n<p><em><b>Psic\u00f3loga (PUCRS), \u00a0Mestre em Psicologia (PUCRS) e Doutora em Educa\u00e7\u00e3o (PUCRS)<\/b><\/em><\/p>\n<p><b>Disciplinas:\u00a0<\/b>Antropologia; \u00c9tica Profissional, Psicologia Social e Aten\u00e7\u00e3o B\u00e1sica em Sa\u00fade Mental.<\/p>\n<p><strong>Atividades:<\/strong> Orientadora de Trabalhos de Conclus\u00e3o,\u00a0 Supervisora Acad\u00eamica de Est\u00e1gios.<\/p>\n<p><b>Temas de estudo:\u00a0<\/b>Psicologia ambiental, psicologia comunit\u00e1ria, educa\u00e7\u00e3o ambiental, antropologia da aprendizagem, pesquisa etnogr\u00e1fica, sustentabilidade, ecovilas, espiritualidade New Age.<\/p>\n<p><b>E-mail:<\/b>\u00a0lucielecomunello@faccat.br<\/p>\n<div><strong>Patr\u00edcia Manozzo Colossi<\/strong><\/div>\n<div><\/div>\n<div><\/div>\n<div><em><strong>Gradua\u00e7\u00e3o em Psic\u00f3loga (Unisinos), Especializa\u00e7\u00e3o em Psicoterapia de Familiar e de Casal (Unisinos), Mestrado em Psicologia Cl\u00ednica (Unisinos) e Doutorado em Psicologia Cl\u00ednica (Unisinos)<\/strong><\/em><\/div>\n<div><\/div>\n<div><strong>Disciplinas:<\/strong>\u00a0Psicologia Geral, \u00c9tica Profissional, T\u00e9cnicas e Teorias Sist\u00eamicas.<\/div>\n<div>\n<div><\/div>\n<div><strong>Temas de Estudo\/Interesse<\/strong>: Conjugalidade, Rela\u00e7\u00f5es familiares, Viol\u00eancia Psicol\u00f3gica, Infidelidade, Terapia de Casais e Fam\u00edlias.<\/div>\n<div><\/div>\n<\/div>\n<div><strong>Atividades:<\/strong> Membro do N\u00facleo Docente Estruturante, Coordena\u00e7\u00e3o de Est\u00e1gios. Editora da Revista Universo Psi.<\/div>\n<div><\/div>\n<div><strong>E-mail:<\/strong> patriciacolossi@faccat.br<\/div>\n<div><\/div>\n<div><\/div>\n<div>\n<p><a href=\"http:\/\/lattes.cnpq.br\/8115674892907227\"><strong>\u00a0Renata Beatriz da Silva<\/strong><\/a><\/p>\n<p><strong><em>Psic\u00f3loga (PUCRS),\u00a0Especialista em Psicoterapia Centrada na Pessoa (Delphos Instituto de Psicologia)\u00a0e Mestre em Psicologia Clinica (PUCRS).<\/em><\/strong><\/p>\n<p><strong>Disciplinas:<\/strong> Psicologia das pessoas com defici\u00eancia; Teorias e T\u00e9cnicas Psicoter\u00e1picas Humanistas.<\/p>\n<p><strong>Temas de estudo: <\/strong>Abordagem centrada na pessoa, Inclus\u00e3o de pessoas com\u00a0defici\u00eancia no mercado de trabalho.<\/p>\n<p><strong>Atividades: <\/strong>Supervisora Acad\u00eamica,\u00a0Orientadora de Trabalho de Conclus\u00e3o e\u00a0Supervisora do Centro de Servi\u00e7os em Psicologia (CESEP).<\/p>\n<p><strong>E-mail:<\/strong> renatasilva@faccat.br<\/p>\n<p><strong><a href=\"http:\/\/buscatextual.cnpq.br\/buscatextual\/visualizacv.do?id=K4626410T8\">Ramon Wolkmer Silvestri<\/a><\/strong><\/p>\n<p><em><strong>Psicologia e gradua\u00e7\u00e3o em Produ\u00e7\u00e3o audiovisual\u00a0 (PUCRS), Mestrado em Psicologia\/Cogni\u00e7\u00e3o Humana (CAPES\/PUCRS) e Especializa\u00e7\u00e3o em Psicoterapia Cognitivo-Comportamental (Instituto de Terapias Cognitivo Comportamentais &#8211; InTCC).\u00a0<\/strong><\/em><\/p>\n<p><strong>Disciplinas:\u00a0<\/strong>Psicofarmacologia; Psicologia da Personalidade; Psicologia Experimental; Psicopatologia: Transtornos Gerais.<\/p>\n<p><strong>Temas de estudo: <\/strong>Estudos e Pesquisa em Trauma e Estresse, Cogni\u00e7\u00e3o, Emo\u00e7\u00e3o e Comportamento.<\/p>\n<p><strong>Atividades:\u00a0<\/strong>Supervisor Acad\u00eamico e Orientador de Trabalho de Conclus\u00e3o.<\/p>\n<p><strong>E-mail:\u00a0<\/strong>ramonsilvestri@faccat.br<\/p>\n<\/div>\n<div><\/div>\n<div><\/div>\n<p><strong><a href=\"http:\/\/lattes.cnpq.br\/3513987184761111\">\u00a0Regina Lopes Schimitt<\/a><\/strong><\/p>\n<p><b><i>Psic\u00f3loga (Unisinos), Especializa\u00e7\u00e3o em Psicoterapia de Orienta\u00e7\u00e3o Anal\u00edtica\u00a0(CELG),\u00a0Especializa\u00e7\u00e3o em andam<\/i><\/b><b><i>ento em Psico -oncologia<b><i>\u00a0(CMMG),\u00a0Mestrado em Medicina: Ci\u00eancias M\u00e9dicas (UFRGS) e\u00a0Doutorado em Medicina: Ci\u00eancias M\u00e9dicas (UFRGS)<\/i><\/b><\/i><\/b><\/p>\n<p><b>Disciplinas:\u00a0<\/b>Entrevista Psicol\u00f3gica,\u00a0Introdu\u00e7\u00e3o \u00e0 Avalia\u00e7\u00e3o Psicol\u00f3gica, Psicodiagn\u00f3stico e Hist\u00f3rias das Teorias e Sistemas\u00a0Psicol\u00f3gicos.<\/p>\n<div><b>Temas de Estudo:\u00a0<\/b>Psican\u00e1lise, Psicopatologias, C\u00e2ncer.<\/div>\n<div><\/div>\n<div><\/div>\n<div><strong>Atividades:\u00a0<\/strong>Supervisora Acad\u00eamica, Orientadora de Trabalho de Conclus\u00e3o.<\/div>\n<div><\/div>\n<div><\/div>\n<p><b>E-mail:<\/b>\u00a0reginaschimitt@faccat.br<\/p>\n<p><b><a href=\"http:\/\/buscatextual.cnpq.br\/buscatextual\/visualizacv.do?id=K4248261A9\">\u00a0Sarah Reis Puthin<\/a><br \/>\n<\/b><\/p>\n<p><b><i>Psic\u00f3loga (UNIFRA), Especialista em Ci\u00eancias Penais (PUCRS), Mestre em Psicologia (PUCRS), Doutora em andamento em Ci\u00eancias Criminais (PUCRS) <\/i><\/b><\/p>\n<p><b>Disciplinas: <\/b>Psicologia Geral ;T\u00e9cnicas Projetivas II; Psicologia Jur\u00eddica .<b> <\/b><\/p>\n<p><strong>Atividades: <\/strong>Supervisora Acad\u00eamica,\u00a0Orientadora de Trabalho de Conclus\u00e3o e\u00a0Supervisora do Centro de Servi\u00e7os em Psicologia (CESEP).<\/p>\n<p><b> <\/b><b>Temas de estudo:\u00a0<\/b>Ci\u00eancias Criminais, Psican\u00e1lise, Psicologia Jur\u00eddica e Avalia\u00e7\u00e3o Psicol\u00f3gica.<\/p>\n<p><b>E-mail:<\/b> sarahputhin@faccat.br<b><br \/>\n<\/b><\/p>\n<p><b><a title=\"Curr\u00edculo Lattes Simone Jung\" href=\"http:\/\/lattes.cnpq.br\/0916825786189358\">\u00a0Simone Isabel Jung<\/a><\/b><\/p>\n<p><b><i>Psic\u00f3loga (UNISINOS), Mestre em Psiquiatria (UFRGS), Doutora em Psiquiatria (UFRGS) <\/i><\/b><\/p>\n<p><b>Disciplinas: <\/b>Introdu\u00e7\u00e3o \u00e0 Psicopatologia; Metodologia Cient\u00edfica; Psicologia Geral; T\u00e9cnicas de Observa\u00e7\u00e3o do Comportamento; Desenvolvimento Humano na Adolesc\u00eancia, Adultez e Velhice.<\/p>\n<p><strong>Atividades:\u00a0<\/strong>Orientadora de Trabalho de Conclus\u00e3o e\u00a0Supervisora Acad\u00eamica.<\/p>\n<p><b> <\/b><b>Temas de estudo: <\/b>Teoria e T\u00e9cnica Psicanal\u00edtica.<\/p>\n<p><b>E-mail:<\/b> simonejung@faccat.br<\/p>\n<p><strong><a href=\"http:\/\/buscatextual.cnpq.br\/buscatextual\/busca.do\">Thom\u00e1s Gomes Gon\u00e7alves<\/a><\/strong><\/p>\n<p><em><strong>Psic\u00f3logo (PUCRS) Psicanalista em forma\u00e7\u00e3o pelo Centro de Estudos Psicanal\u00edticos de Porto Alegre (CEPdePA). Mestre em Psicologia Cl\u00ednica (PUCRS) Doutor em Psicologia (UFRGS).<\/strong><\/em><\/p>\n<p><strong>Disciplinas:\u00a0<\/strong>Reda\u00e7\u00e3o Cient\u00edfica; Desenvolvimento Humano na Adolesc\u00eancia, Adultez e Velhice; Teorias da Personalidade; Teorias Psicanal\u00edticas e Metodologia Cient\u00edfica.<\/p>\n<p><strong> Atividades:<\/strong> Supervisor Acad\u00eamica, Orientadora de Trabalho de Conclus\u00e3o e Supervisor do Centro de Servi\u00e7os em Psicologia (CESEP).<\/p>\n<p><strong>E-mail:<\/strong>\u00a0thomasgon\u00e7alves@faccat.br<\/p>\n<p><!--more--><\/p>\n<p><strong>N\u00daCLEO DOCENTE ESTRUTURANTE<\/strong><b><br \/>\n<\/b><\/p>\n<hr \/>\n<p>Para atender \u00e0s disposi\u00e7\u00f5es legais de regulamenta\u00e7\u00e3o dos cursos (autoriza\u00e7\u00e3o e reconhecimento) junto ao MEC, foi constitu\u00eddo o N\u00facleo Docente Estruturante \u2013 NDE \u2013 do Curso de Psicologia da Faccat, que abrange, al\u00e9m do coordenador, pelo menos 30% dos docentes, os quais tiveram participa\u00e7\u00e3o na cria\u00e7\u00e3o e implementa\u00e7\u00e3o do Projeto Pedag\u00f3gico do Curso (PPC). Os crit\u00e9rios adotados para a forma\u00e7\u00e3o do NDE atenderam \u00e0 necessidade de esse ser constitu\u00eddo por 60% de docentes com t\u00edtulo de Doutor e \u00e0s exig\u00eancias relativas \u00e0 carga hor\u00e1ria na Institui\u00e7\u00e3o.<\/p>\n<p>Atualmente, NDE do Curso de Psicologia \u00e9 formado pelos seguintes docentes:<\/p>\n<p>Prof\u00aa. Alessandra Rodrigues Jacoby<\/p>\n<p>Prof\u00aa. Ana Paula Lazzaretti de Souza<\/p>\n<p>Prof\u00aa. C\u00e1rmen Marilei Gomes<\/p>\n<p>Prof\u00aa. Patr\u00edcia Manozzo Colossi<\/p>\n<p>Prof\u00aa. \u00c2ngela Carina Paradiso<\/p>\n<p>Al\u00e9m dos docentes do NDE, participaram da constru\u00e7\u00e3o do PPC todos os demais professores integrantes do Colegiado do Curso e representantes do corpo discente.<\/p>\n<!-- AddThis Advanced Settings generic via filter on the_content --><!-- AddThis Share Buttons generic via filter on the_content -->","protected":false},"excerpt":{"rendered":"<p>\u00a0Alessandra Rodrigues Jacoby Psic\u00f3loga (UNISINOS), Mestre em Psicologia (UNISINOS) Disciplina: Psicologia do Trabalho. Atividades: Supervisora Acad\u00eamica, Orientadora de Trabalho de Conclus\u00e3o e Supervisora do Centro de Servi\u00e7os em Psicologia (CESEP), Coordenadora de Est\u00e1gios. Temas de Estudo: Ass\u00e9dio Moral, Sa\u00fade do Trabalhador, Qualidade de Vida no Trabalho. E-mail: ale@faccat.br Alice Rodrigues Wilhelm\u00a0 Psic\u00f3loga (PUCRS)\u00a0 Mestre\u00a0 em &hellip; <a href=\"https:\/\/psicologia.faccat.br\/blog\/curso\/professores\/\" class=\"more-link\">Continue lendo<span class=\"screen-reader-text\"> &#8220;Professores&#8221;<\/span><\/a><!-- AddThis Advanced Settings generic via filter on get_the_excerpt --><!-- AddThis Share Buttons generic via filter on get_the_excerpt --><\/p>\n","protected":false},"author":4,"featured_media":0,"parent":5,"menu_order":0,"comment_status":"open","ping_status":"open","template":"","meta":{"footnotes":""},"class_list":["post-97","page","type-page","status-publish","hentry"],"_links":{"self":[{"href":"https:\/\/psicologia.faccat.br\/blog\/wp-json\/wp\/v2\/pages\/97","targetHints":{"allow":["GET"]}}],"collection":[{"href":"https:\/\/psicologia.faccat.br\/blog\/wp-json\/wp\/v2\/pages"}],"about":[{"href":"https:\/\/psicologia.faccat.br\/blog\/wp-json\/wp\/v2\/types\/page"}],"author":[{"embeddable":true,"href":"https:\/\/psicologia.faccat.br\/blog\/wp-json\/wp\/v2\/users\/4"}],"replies":[{"embeddable":true,"href":"https:\/\/psicologia.faccat.br\/blog\/wp-json\/wp\/v2\/comments?post=97"}],"version-history":[{"count":165,"href":"https:\/\/psicologia.faccat.br\/blog\/wp-json\/wp\/v2\/pages\/97\/revisions"}],"predecessor-version":[{"id":6889,"href":"https:\/\/psicologia.faccat.br\/blog\/wp-json\/wp\/v2\/pages\/97\/revisions\/6889"}],"up":[{"embeddable":true,"href":"https:\/\/psicologia.faccat.br\/blog\/wp-json\/wp\/v2\/pages\/5"}],"wp:attachment":[{"href":"https:\/\/psicologia.faccat.br\/blog\/wp-json\/wp\/v2\/media?parent=97"}],"curies":[{"name":"wp","href":"https:\/\/api.w.org\/{rel}","templated":true}]}}