{"id":943,"date":"2013-05-07T00:31:53","date_gmt":"2013-05-07T00:31:53","guid":{"rendered":"http:\/\/psicologia.faccat.br\/blog\/?page_id=943"},"modified":"2015-12-01T19:19:36","modified_gmt":"2015-12-01T19:19:36","slug":"locais-de-estagio","status":"publish","type":"page","link":"https:\/\/psicologia.faccat.br\/blog\/formacao\/estagios\/locais-de-estagio\/","title":{"rendered":"Locais de Est\u00e1gio"},"content":{"rendered":"<p style=\"text-align: left;\">Os alunos s\u00f3 poder\u00e3o realizar seus est\u00e1gios em locais credenciados pelo Curso de Psicologia.<b><\/b><\/p>\n<p>Essa exig\u00eancia de credenciamento visa garantir que o local de est\u00e1gio ofere\u00e7a ao acad\u00eamico as oportunidades necess\u00e1rias para o desenvolvimento das compet\u00eancias e habilidades preconizadas pelo Projeto Pedag\u00f3gico do Curso. Assim, tem-se mais um mecanismo para assegurar que a qualifica\u00e7\u00e3o do profissional psic\u00f3logo formado pela Faccat esteja em conson\u00e2ncia com o perfil do egresso. Al\u00e9m disso, o processo de credenciamento de locais de est\u00e1gio auxilia a aproximar a Faccat da comunidade da regi\u00e3o, o que vem a ser mais uma forma de concretizar o compromisso desta IES com o desenvolvimento regional.<\/p>\n<p>Consulte a lista com os Locais de est\u00e1gio:<strong><br \/>\n<\/strong><\/p>\n<p><strong>\u00a0<a href=\"https:\/\/psicologia.faccat.br\/blog\/formacao\/estagios\/locais-de-estagio\/locais-de-estagio-basico\/\" target=\"_blank\">B\u00e1sico<\/a><\/strong><\/p>\n<p><strong><a href=\"https:\/\/psicologia.faccat.br\/blog\/formacao\/estagios\/profissionais\/locais-de-estagio-profissional\/\" target=\"_blank\">Profissional<\/a><\/strong><\/p>\n<p>&nbsp;<\/p>\n<p align=\"center\"><b>PROCEDIMENTOS PARA O CREDENCIAMENTO DE LOCAIS DE EST\u00c1GIO<\/b><\/p>\n<ol>\n<li>O aluno entra em contato com o respons\u00e1vel pelo local de interesse, verificando a disponibilidade de vagas de est\u00e1gio;<\/li>\n<li>O respons\u00e1vel local assinala, verbalmente, a disponibilidade de vagas de est\u00e1gio;<\/li>\n<li>O aluno indica para as Coordenadoras de Est\u00e1gios, Professoras Alessandra Rodrigues Jacoby (ale@faccat.br) e Patr\u00edcia Manozzo Colossi (pmcolossi@gmail.com) , o interesse pelo local, passando-lhe os dados de contato do respons\u00e1vel local;<\/li>\n<li>As Coordenadoras de Est\u00e1gios entram em contato telef\u00f4nico com o respons\u00e1vel local, esclarecendo aspectos relativos ao funcionamento do est\u00e1gio e ao processo de credenciamento;<\/li>\n<li>As Coordenadoras de Est\u00e1gios enviam ao aluno e\/ou ao local, por e-mail, um modelo de formul\u00e1rio de credenciamento do local;<\/li>\n<li>O aluno, junto ao respons\u00e1vel local, preenche o formul\u00e1rio de credenciamento;<\/li>\n<li>O aluno e\/ou o respons\u00e1vel local envia, por e-mail, o formul\u00e1rio de credenciamento devidamente preenchido para as Coordenadoras de Est\u00e1gios;<\/li>\n<li>As Coordenadoras de Est\u00e1gios fazem visita ao local, avaliando a adequa\u00e7\u00e3o das informa\u00e7\u00f5es prestadas no formul\u00e1rio e as condi\u00e7\u00f5es do local para receber estagi\u00e1rios ;<\/li>\n<li>Uma vez que as Coordenadoras de Est\u00e1gios verificam que local satisfaz \u00e0s exig\u00eancias, \u00e9 assinado, no mesmo dia da visita, em duas vias, o Termo de Conv\u00eanio, formalizando, assim, o credenciamento do local.<\/li>\n<\/ol>\n<!-- AddThis Advanced Settings generic via filter on the_content --><!-- AddThis Share Buttons generic via filter on the_content -->","protected":false},"excerpt":{"rendered":"<p>Os alunos s\u00f3 poder\u00e3o realizar seus est\u00e1gios em locais credenciados pelo Curso de Psicologia. Essa exig\u00eancia de credenciamento visa garantir que o local de est\u00e1gio ofere\u00e7a ao acad\u00eamico as oportunidades necess\u00e1rias para o desenvolvimento das compet\u00eancias e habilidades preconizadas pelo Projeto Pedag\u00f3gico do Curso. Assim, tem-se mais um mecanismo para assegurar que a qualifica\u00e7\u00e3o do &hellip; <a href=\"https:\/\/psicologia.faccat.br\/blog\/formacao\/estagios\/locais-de-estagio\/\" class=\"more-link\">Continue lendo<span class=\"screen-reader-text\"> &#8220;Locais de Est\u00e1gio&#8221;<\/span><\/a><!-- AddThis Advanced Settings generic via filter on get_the_excerpt --><!-- AddThis Share Buttons generic via filter on get_the_excerpt --><\/p>\n","protected":false},"author":4,"featured_media":0,"parent":11,"menu_order":0,"comment_status":"open","ping_status":"open","template":"","meta":{"footnotes":""},"class_list":["post-943","page","type-page","status-publish","hentry"],"_links":{"self":[{"href":"https:\/\/psicologia.faccat.br\/blog\/wp-json\/wp\/v2\/pages\/943","targetHints":{"allow":["GET"]}}],"collection":[{"href":"https:\/\/psicologia.faccat.br\/blog\/wp-json\/wp\/v2\/pages"}],"about":[{"href":"https:\/\/psicologia.faccat.br\/blog\/wp-json\/wp\/v2\/types\/page"}],"author":[{"embeddable":true,"href":"https:\/\/psicologia.faccat.br\/blog\/wp-json\/wp\/v2\/users\/4"}],"replies":[{"embeddable":true,"href":"https:\/\/psicologia.faccat.br\/blog\/wp-json\/wp\/v2\/comments?post=943"}],"version-history":[{"count":17,"href":"https:\/\/psicologia.faccat.br\/blog\/wp-json\/wp\/v2\/pages\/943\/revisions"}],"predecessor-version":[{"id":6881,"href":"https:\/\/psicologia.faccat.br\/blog\/wp-json\/wp\/v2\/pages\/943\/revisions\/6881"}],"up":[{"embeddable":true,"href":"https:\/\/psicologia.faccat.br\/blog\/wp-json\/wp\/v2\/pages\/11"}],"wp:attachment":[{"href":"https:\/\/psicologia.faccat.br\/blog\/wp-json\/wp\/v2\/media?parent=943"}],"curies":[{"name":"wp","href":"https:\/\/api.w.org\/{rel}","templated":true}]}}