{"id":91,"date":"2013-02-27T19:21:08","date_gmt":"2013-02-27T19:21:08","guid":{"rendered":"http:\/\/psicologia.faccat.br\/blog\/?page_id=91"},"modified":"2013-02-27T19:21:08","modified_gmt":"2013-02-27T19:21:08","slug":"enfases-curriculares","status":"publish","type":"page","link":"https:\/\/psicologia.faccat.br\/blog\/curso\/enfases-curriculares\/","title":{"rendered":"\u00canfases curriculares"},"content":{"rendered":"<p>O curr\u00edculo do Curso de Psicologia atende ao perfil de<strong>\u00a0Forma\u00e7\u00e3o do Psic\u00f3logo<\/strong>, privilegiando duas \u00eanfases:<\/p>\n<h3><strong>\u00canfase em Psicologia Social e da Sa\u00fade<\/strong><\/h3>\n<p>A Forma\u00e7\u00e3o do Psic\u00f3logo, com \u00eanfase na Psicologia Social e da Sa\u00fade, capacitar\u00e1 o profissional a desenvolver atividades nas organiza\u00e7\u00f5es de sa\u00fade, nas institui\u00e7\u00f5es sociais comunit\u00e1rias de car\u00e1ter assistencial ou educacional, n\u00e3o se restringindo \u00e0 cl\u00ednica psicol\u00f3gica privada.\u00a0A atua\u00e7\u00e3o do Psic\u00f3logo dever\u00e1 ser dirigida para as m\u00faltiplas institui\u00e7\u00f5es em que s\u00e3o empreendidas a\u00e7\u00f5es de sa\u00fade: hospitais gerais, ambulat\u00f3rios, unidades b\u00e1sicas de sa\u00fade, escolas, creches, institui\u00e7\u00f5es para idosos e outras organiza\u00e7\u00f5es, sejam p\u00fablicas, n\u00e3o governamentais ou de controle privado.<\/p>\n<h3><strong>\u00canfase em Psicologia do Trabalho<\/strong><\/h3>\n<p>Na \u00eanfase da Psicologia do Trabalho, a forma\u00e7\u00e3o do Psic\u00f3logo estar\u00e1 voltada para capacitar o profissional a trabalhar nas empresas e organiza\u00e7\u00f5es em geral. \u00c9 tarefa do profissional da \u00e1rea analisar o ambiente organizacional e o seu contexto, identificando vari\u00e1veis que afetam o comportamento humano no trabalho, al\u00e9m de auxiliar na capta\u00e7\u00e3o e sele\u00e7\u00e3o de recursos humanos para a empresa.<\/p>\n<!-- AddThis Advanced Settings generic via filter on the_content --><!-- AddThis Share Buttons generic via filter on the_content -->","protected":false},"excerpt":{"rendered":"<p>O curr\u00edculo do Curso de Psicologia atende ao perfil de\u00a0Forma\u00e7\u00e3o do Psic\u00f3logo, privilegiando duas \u00eanfases: \u00canfase em Psicologia Social e da Sa\u00fade A Forma\u00e7\u00e3o do Psic\u00f3logo, com \u00eanfase na Psicologia Social e da Sa\u00fade, capacitar\u00e1 o profissional a desenvolver atividades nas organiza\u00e7\u00f5es de sa\u00fade, nas institui\u00e7\u00f5es sociais comunit\u00e1rias de car\u00e1ter assistencial ou educacional, n\u00e3o se &hellip; <a href=\"https:\/\/psicologia.faccat.br\/blog\/curso\/enfases-curriculares\/\" class=\"more-link\">Continue lendo<span class=\"screen-reader-text\"> &#8220;\u00canfases curriculares&#8221;<\/span><\/a><!-- AddThis Advanced Settings generic via filter on get_the_excerpt --><!-- AddThis Share Buttons generic via filter on get_the_excerpt --><\/p>\n","protected":false},"author":4,"featured_media":0,"parent":5,"menu_order":0,"comment_status":"open","ping_status":"open","template":"","meta":{"footnotes":""},"class_list":["post-91","page","type-page","status-publish","hentry"],"_links":{"self":[{"href":"https:\/\/psicologia.faccat.br\/blog\/wp-json\/wp\/v2\/pages\/91","targetHints":{"allow":["GET"]}}],"collection":[{"href":"https:\/\/psicologia.faccat.br\/blog\/wp-json\/wp\/v2\/pages"}],"about":[{"href":"https:\/\/psicologia.faccat.br\/blog\/wp-json\/wp\/v2\/types\/page"}],"author":[{"embeddable":true,"href":"https:\/\/psicologia.faccat.br\/blog\/wp-json\/wp\/v2\/users\/4"}],"replies":[{"embeddable":true,"href":"https:\/\/psicologia.faccat.br\/blog\/wp-json\/wp\/v2\/comments?post=91"}],"version-history":[{"count":1,"href":"https:\/\/psicologia.faccat.br\/blog\/wp-json\/wp\/v2\/pages\/91\/revisions"}],"predecessor-version":[{"id":92,"href":"https:\/\/psicologia.faccat.br\/blog\/wp-json\/wp\/v2\/pages\/91\/revisions\/92"}],"up":[{"embeddable":true,"href":"https:\/\/psicologia.faccat.br\/blog\/wp-json\/wp\/v2\/pages\/5"}],"wp:attachment":[{"href":"https:\/\/psicologia.faccat.br\/blog\/wp-json\/wp\/v2\/media?parent=91"}],"curies":[{"name":"wp","href":"https:\/\/api.w.org\/{rel}","templated":true}]}}