{"id":89,"date":"2013-02-27T19:20:35","date_gmt":"2013-02-27T19:20:35","guid":{"rendered":"http:\/\/psicologia.faccat.br\/blog\/?page_id=89"},"modified":"2013-02-27T19:20:35","modified_gmt":"2013-02-27T19:20:35","slug":"perfil-do-egresso","status":"publish","type":"page","link":"https:\/\/psicologia.faccat.br\/blog\/curso\/perfil-do-egresso\/","title":{"rendered":"Perfil do egresso"},"content":{"rendered":"<p>O profissional formado no Curso de Psicologia deve estar capacitado a atuar de maneira cr\u00edtica, reflexiva e \u00e9tica nos mais variados campos de trabalho profissional, atrav\u00e9s do uso de conhecimentos te\u00f3ricos e t\u00e9cnicos constru\u00eddos ao longo do curso.<\/p>\n<p>Deve ter dom\u00ednio sobre teorias psicol\u00f3gicas e conhecimento de \u00e1reas que embasem o desenvolvimento de novas tecnologias de interven\u00e7\u00e3o social, pautadas na inser\u00e7\u00e3o social e na pesquisa.<\/p>\n<p>Esse profissional deve contribuir para o desenvolvimento de seres humanos cidad\u00e3os, conscientes de sua inser\u00e7\u00e3o e responsabilidade social, atrav\u00e9s da compreens\u00e3o, da problematiza\u00e7\u00e3o e da amplia\u00e7\u00e3o da atua\u00e7\u00e3o profissional, que privilegie novas formas de interven\u00e7\u00e3o sobre as demandas populacionais.<\/p>\n<!-- AddThis Advanced Settings generic via filter on the_content --><!-- AddThis Share Buttons generic via filter on the_content -->","protected":false},"excerpt":{"rendered":"<p>O profissional formado no Curso de Psicologia deve estar capacitado a atuar de maneira cr\u00edtica, reflexiva e \u00e9tica nos mais variados campos de trabalho profissional, atrav\u00e9s do uso de conhecimentos te\u00f3ricos e t\u00e9cnicos constru\u00eddos ao longo do curso. Deve ter dom\u00ednio sobre teorias psicol\u00f3gicas e conhecimento de \u00e1reas que embasem o desenvolvimento de novas tecnologias &hellip; <a href=\"https:\/\/psicologia.faccat.br\/blog\/curso\/perfil-do-egresso\/\" class=\"more-link\">Continue lendo<span class=\"screen-reader-text\"> &#8220;Perfil do egresso&#8221;<\/span><\/a><!-- AddThis Advanced Settings generic via filter on get_the_excerpt --><!-- AddThis Share Buttons generic via filter on get_the_excerpt --><\/p>\n","protected":false},"author":4,"featured_media":0,"parent":5,"menu_order":0,"comment_status":"open","ping_status":"open","template":"","meta":{"footnotes":""},"class_list":["post-89","page","type-page","status-publish","hentry"],"_links":{"self":[{"href":"https:\/\/psicologia.faccat.br\/blog\/wp-json\/wp\/v2\/pages\/89","targetHints":{"allow":["GET"]}}],"collection":[{"href":"https:\/\/psicologia.faccat.br\/blog\/wp-json\/wp\/v2\/pages"}],"about":[{"href":"https:\/\/psicologia.faccat.br\/blog\/wp-json\/wp\/v2\/types\/page"}],"author":[{"embeddable":true,"href":"https:\/\/psicologia.faccat.br\/blog\/wp-json\/wp\/v2\/users\/4"}],"replies":[{"embeddable":true,"href":"https:\/\/psicologia.faccat.br\/blog\/wp-json\/wp\/v2\/comments?post=89"}],"version-history":[{"count":1,"href":"https:\/\/psicologia.faccat.br\/blog\/wp-json\/wp\/v2\/pages\/89\/revisions"}],"predecessor-version":[{"id":90,"href":"https:\/\/psicologia.faccat.br\/blog\/wp-json\/wp\/v2\/pages\/89\/revisions\/90"}],"up":[{"embeddable":true,"href":"https:\/\/psicologia.faccat.br\/blog\/wp-json\/wp\/v2\/pages\/5"}],"wp:attachment":[{"href":"https:\/\/psicologia.faccat.br\/blog\/wp-json\/wp\/v2\/media?parent=89"}],"curies":[{"name":"wp","href":"https:\/\/api.w.org\/{rel}","templated":true}]}}