{"id":2490,"date":"2013-10-23T17:57:15","date_gmt":"2013-10-23T17:57:15","guid":{"rendered":"http:\/\/psicologia.faccat.br\/blog\/?page_id=2490"},"modified":"2013-10-29T20:40:38","modified_gmt":"2013-10-29T20:40:38","slug":"mostratec","status":"publish","type":"page","link":"https:\/\/psicologia.faccat.br\/blog\/curso\/fotos\/fotos-2013\/mostratec\/","title":{"rendered":"MOSTRATEC"},"content":{"rendered":"<p style=\"text-align: left;\" align=\"center\"><span style=\"font-size: 13px; line-height: 19px;\">\u00a0<\/span><span style=\"font-size: 13px; line-height: 19px;\">Nos dias 21 e 22 de outubro de 2013, acad\u00eamicas e professoras do Curso de Psicologia estiveram presentes na MOSTRATEC &#8211; Mostra Brasileira\u00a0 e Internacional de Ci\u00eancia e Tecnologia, oferecendo a atividade de Orienta\u00e7\u00e3o Profissional para alunos de Ensino Fundamental e M\u00e9dio. A atividade tem como objetivo auxiliar alunos a refletirem e aprenderem que crit\u00e9rios levar em conta na decis\u00e3o da escolha profissional. Participaram do evento aprofessora e coordenadora do Curso de Psicologia da FACCAT, Silvia Coiro; professora de gradua\u00e7\u00e3o e p\u00f3s-gradua\u00e7\u00e3o de Psicologia da FACCAT, Alessandra Jacoby; bolsistas do Curso, acad\u00eamicas Ana Paula Volkart e C\u00edntia Hahn; e estagi\u00e1ria no Est\u00e1gio B\u00e1sico de Avalia\u00e7\u00e3o em Orienta\u00e7\u00e3o Profissional do Cesep, acad\u00eamica Jane Maria Livi. O evento ocorreu na FENAC, em Novo Hamburgo e contou com visitantes e expositores vindos de todo o mundo.<\/span><\/p>\n<p>&nbsp;<\/p>\n<div id='gallery-1' class='gallery galleryid-2490 gallery-columns-3 gallery-size-thumbnail'><figure class='gallery-item'>\n\t\t\t<div class='gallery-icon landscape'>\n\t\t\t\t<a href='https:\/\/psicologia.faccat.br\/blog\/curso\/fotos\/fotos-2013\/mostratec\/attachment\/img_2415-2\/'><img loading=\"lazy\" decoding=\"async\" width=\"150\" height=\"150\" src=\"https:\/\/psicologia.faccat.br\/blog\/wp-content\/uploads\/2013\/10\/IMG_24151-150x150.jpg\" class=\"attachment-thumbnail size-thumbnail\" alt=\"\" \/><\/a>\n\t\t\t<\/div><\/figure><figure class='gallery-item'>\n\t\t\t<div class='gallery-icon landscape'>\n\t\t\t\t<a href='https:\/\/psicologia.faccat.br\/blog\/curso\/fotos\/fotos-2013\/mostratec\/attachment\/img_2416-2\/'><img loading=\"lazy\" decoding=\"async\" width=\"150\" height=\"150\" src=\"https:\/\/psicologia.faccat.br\/blog\/wp-content\/uploads\/2013\/10\/IMG_24161-150x150.jpg\" class=\"attachment-thumbnail size-thumbnail\" alt=\"\" \/><\/a>\n\t\t\t<\/div><\/figure><figure class='gallery-item'>\n\t\t\t<div class='gallery-icon landscape'>\n\t\t\t\t<a href='https:\/\/psicologia.faccat.br\/blog\/curso\/fotos\/fotos-2013\/mostratec\/attachment\/img_2417-2\/'><img loading=\"lazy\" decoding=\"async\" width=\"150\" height=\"150\" src=\"https:\/\/psicologia.faccat.br\/blog\/wp-content\/uploads\/2013\/10\/IMG_24171-150x150.jpg\" class=\"attachment-thumbnail size-thumbnail\" alt=\"\" \/><\/a>\n\t\t\t<\/div><\/figure><figure class='gallery-item'>\n\t\t\t<div class='gallery-icon landscape'>\n\t\t\t\t<a href='https:\/\/psicologia.faccat.br\/blog\/curso\/fotos\/fotos-2013\/mostratec\/attachment\/img_2421-2\/'><img loading=\"lazy\" decoding=\"async\" width=\"150\" height=\"150\" src=\"https:\/\/psicologia.faccat.br\/blog\/wp-content\/uploads\/2013\/10\/IMG_24211-150x150.jpg\" class=\"attachment-thumbnail size-thumbnail\" alt=\"\" \/><\/a>\n\t\t\t<\/div><\/figure><figure class='gallery-item'>\n\t\t\t<div class='gallery-icon landscape'>\n\t\t\t\t<a href='https:\/\/psicologia.faccat.br\/blog\/curso\/fotos\/fotos-2013\/mostratec\/attachment\/img_2422-2\/'><img loading=\"lazy\" decoding=\"async\" width=\"150\" height=\"150\" src=\"https:\/\/psicologia.faccat.br\/blog\/wp-content\/uploads\/2013\/10\/IMG_24221-150x150.jpg\" class=\"attachment-thumbnail size-thumbnail\" alt=\"\" \/><\/a>\n\t\t\t<\/div><\/figure><figure class='gallery-item'>\n\t\t\t<div class='gallery-icon landscape'>\n\t\t\t\t<a href='https:\/\/psicologia.faccat.br\/blog\/curso\/fotos\/fotos-2013\/mostratec\/attachment\/img_2436-2\/'><img loading=\"lazy\" decoding=\"async\" width=\"150\" height=\"150\" src=\"https:\/\/psicologia.faccat.br\/blog\/wp-content\/uploads\/2013\/10\/IMG_24361-150x150.jpg\" class=\"attachment-thumbnail size-thumbnail\" alt=\"\" \/><\/a>\n\t\t\t<\/div><\/figure><figure class='gallery-item'>\n\t\t\t<div class='gallery-icon landscape'>\n\t\t\t\t<a href='https:\/\/psicologia.faccat.br\/blog\/curso\/fotos\/fotos-2013\/mostratec\/attachment\/img_2437-2\/'><img loading=\"lazy\" decoding=\"async\" width=\"150\" height=\"150\" src=\"https:\/\/psicologia.faccat.br\/blog\/wp-content\/uploads\/2013\/10\/IMG_24371-150x150.jpg\" class=\"attachment-thumbnail size-thumbnail\" alt=\"\" \/><\/a>\n\t\t\t<\/div><\/figure><figure class='gallery-item'>\n\t\t\t<div class='gallery-icon landscape'>\n\t\t\t\t<a href='https:\/\/psicologia.faccat.br\/blog\/curso\/fotos\/fotos-2013\/mostratec\/attachment\/img_2439-2\/'><img loading=\"lazy\" decoding=\"async\" width=\"150\" height=\"150\" src=\"https:\/\/psicologia.faccat.br\/blog\/wp-content\/uploads\/2013\/10\/IMG_24391-150x150.jpg\" class=\"attachment-thumbnail size-thumbnail\" alt=\"\" \/><\/a>\n\t\t\t<\/div><\/figure><figure class='gallery-item'>\n\t\t\t<div class='gallery-icon landscape'>\n\t\t\t\t<a href='https:\/\/psicologia.faccat.br\/blog\/curso\/fotos\/fotos-2013\/mostratec\/attachment\/img_2440-2\/'><img loading=\"lazy\" decoding=\"async\" width=\"150\" height=\"150\" src=\"https:\/\/psicologia.faccat.br\/blog\/wp-content\/uploads\/2013\/10\/IMG_24401-150x150.jpg\" class=\"attachment-thumbnail size-thumbnail\" alt=\"\" \/><\/a>\n\t\t\t<\/div><\/figure><figure class='gallery-item'>\n\t\t\t<div class='gallery-icon landscape'>\n\t\t\t\t<a href='https:\/\/psicologia.faccat.br\/blog\/curso\/fotos\/fotos-2013\/mostratec\/attachment\/img_2441-2\/'><img loading=\"lazy\" decoding=\"async\" width=\"150\" height=\"150\" src=\"https:\/\/psicologia.faccat.br\/blog\/wp-content\/uploads\/2013\/10\/IMG_24411-150x150.jpg\" class=\"attachment-thumbnail size-thumbnail\" alt=\"\" \/><\/a>\n\t\t\t<\/div><\/figure><figure class='gallery-item'>\n\t\t\t<div class='gallery-icon landscape'>\n\t\t\t\t<a href='https:\/\/psicologia.faccat.br\/blog\/curso\/fotos\/fotos-2013\/mostratec\/attachment\/img_2442-2\/'><img loading=\"lazy\" decoding=\"async\" width=\"150\" height=\"150\" src=\"https:\/\/psicologia.faccat.br\/blog\/wp-content\/uploads\/2013\/10\/IMG_24421-150x150.jpg\" class=\"attachment-thumbnail size-thumbnail\" alt=\"\" \/><\/a>\n\t\t\t<\/div><\/figure><figure class='gallery-item'>\n\t\t\t<div class='gallery-icon landscape'>\n\t\t\t\t<a href='https:\/\/psicologia.faccat.br\/blog\/curso\/fotos\/fotos-2013\/mostratec\/attachment\/img_2444-2\/'><img loading=\"lazy\" decoding=\"async\" width=\"150\" height=\"150\" src=\"https:\/\/psicologia.faccat.br\/blog\/wp-content\/uploads\/2013\/10\/IMG_24441-150x150.jpg\" class=\"attachment-thumbnail size-thumbnail\" alt=\"\" \/><\/a>\n\t\t\t<\/div><\/figure><figure class='gallery-item'>\n\t\t\t<div class='gallery-icon landscape'>\n\t\t\t\t<a href='https:\/\/psicologia.faccat.br\/blog\/curso\/fotos\/fotos-2013\/mostratec\/attachment\/img_2448-2\/'><img loading=\"lazy\" decoding=\"async\" width=\"150\" height=\"150\" src=\"https:\/\/psicologia.faccat.br\/blog\/wp-content\/uploads\/2013\/10\/IMG_24481-150x150.jpg\" class=\"attachment-thumbnail size-thumbnail\" alt=\"\" \/><\/a>\n\t\t\t<\/div><\/figure><figure class='gallery-item'>\n\t\t\t<div class='gallery-icon landscape'>\n\t\t\t\t<a href='https:\/\/psicologia.faccat.br\/blog\/curso\/fotos\/fotos-2013\/mostratec\/attachment\/img_2449-2\/'><img loading=\"lazy\" decoding=\"async\" width=\"150\" height=\"150\" src=\"https:\/\/psicologia.faccat.br\/blog\/wp-content\/uploads\/2013\/10\/IMG_24491-150x150.jpg\" class=\"attachment-thumbnail size-thumbnail\" alt=\"\" \/><\/a>\n\t\t\t<\/div><\/figure><figure class='gallery-item'>\n\t\t\t<div class='gallery-icon landscape'>\n\t\t\t\t<a href='https:\/\/psicologia.faccat.br\/blog\/curso\/fotos\/fotos-2013\/mostratec\/attachment\/img_2450-2\/'><img loading=\"lazy\" decoding=\"async\" width=\"150\" height=\"150\" src=\"https:\/\/psicologia.faccat.br\/blog\/wp-content\/uploads\/2013\/10\/IMG_24501-150x150.jpg\" class=\"attachment-thumbnail size-thumbnail\" alt=\"\" \/><\/a>\n\t\t\t<\/div><\/figure><figure class='gallery-item'>\n\t\t\t<div class='gallery-icon landscape'>\n\t\t\t\t<a href='https:\/\/psicologia.faccat.br\/blog\/curso\/fotos\/fotos-2013\/mostratec\/attachment\/img_2452-2\/'><img loading=\"lazy\" decoding=\"async\" width=\"150\" height=\"150\" src=\"https:\/\/psicologia.faccat.br\/blog\/wp-content\/uploads\/2013\/10\/IMG_24521-150x150.jpg\" class=\"attachment-thumbnail size-thumbnail\" alt=\"\" \/><\/a>\n\t\t\t<\/div><\/figure><figure class='gallery-item'>\n\t\t\t<div class='gallery-icon landscape'>\n\t\t\t\t<a href='https:\/\/psicologia.faccat.br\/blog\/curso\/fotos\/fotos-2013\/mostratec\/attachment\/img_2454-2\/'><img loading=\"lazy\" decoding=\"async\" width=\"150\" height=\"150\" src=\"https:\/\/psicologia.faccat.br\/blog\/wp-content\/uploads\/2013\/10\/IMG_24541-150x150.jpg\" class=\"attachment-thumbnail size-thumbnail\" alt=\"\" \/><\/a>\n\t\t\t<\/div><\/figure><figure class='gallery-item'>\n\t\t\t<div class='gallery-icon landscape'>\n\t\t\t\t<a href='https:\/\/psicologia.faccat.br\/blog\/curso\/fotos\/fotos-2013\/mostratec\/attachment\/img_2455-2\/'><img loading=\"lazy\" decoding=\"async\" width=\"150\" height=\"150\" src=\"https:\/\/psicologia.faccat.br\/blog\/wp-content\/uploads\/2013\/10\/IMG_24551-150x150.jpg\" class=\"attachment-thumbnail size-thumbnail\" alt=\"\" \/><\/a>\n\t\t\t<\/div><\/figure><figure class='gallery-item'>\n\t\t\t<div class='gallery-icon landscape'>\n\t\t\t\t<a href='https:\/\/psicologia.faccat.br\/blog\/curso\/fotos\/fotos-2013\/mostratec\/attachment\/1374198_652167001471809_1829434116_n\/'><img loading=\"lazy\" decoding=\"async\" width=\"150\" height=\"150\" src=\"https:\/\/psicologia.faccat.br\/blog\/wp-content\/uploads\/2013\/10\/1374198_652167001471809_1829434116_n-150x150.jpg\" class=\"attachment-thumbnail size-thumbnail\" alt=\"\" srcset=\"https:\/\/psicologia.faccat.br\/blog\/wp-content\/uploads\/2013\/10\/1374198_652167001471809_1829434116_n-150x150.jpg 150w, https:\/\/psicologia.faccat.br\/blog\/wp-content\/uploads\/2013\/10\/1374198_652167001471809_1829434116_n-300x300.jpg 300w, https:\/\/psicologia.faccat.br\/blog\/wp-content\/uploads\/2013\/10\/1374198_652167001471809_1829434116_n.jpg 640w\" sizes=\"auto, (max-width: 150px) 85vw, 150px\" \/><\/a>\n\t\t\t<\/div><\/figure><figure class='gallery-item'>\n\t\t\t<div class='gallery-icon landscape'>\n\t\t\t\t<a href='https:\/\/psicologia.faccat.br\/blog\/curso\/fotos\/fotos-2013\/mostratec\/attachment\/1375238_652111554810687_1538693712_n\/'><img loading=\"lazy\" decoding=\"async\" width=\"150\" height=\"150\" src=\"https:\/\/psicologia.faccat.br\/blog\/wp-content\/uploads\/2013\/10\/1375238_652111554810687_1538693712_n-150x150.jpg\" class=\"attachment-thumbnail size-thumbnail\" alt=\"\" \/><\/a>\n\t\t\t<\/div><\/figure><figure class='gallery-item'>\n\t\t\t<div class='gallery-icon landscape'>\n\t\t\t\t<a href='https:\/\/psicologia.faccat.br\/blog\/curso\/fotos\/fotos-2013\/mostratec\/attachment\/1375836_652109804810862_507313513_n\/'><img loading=\"lazy\" decoding=\"async\" width=\"150\" height=\"150\" src=\"https:\/\/psicologia.faccat.br\/blog\/wp-content\/uploads\/2013\/10\/1375836_652109804810862_507313513_n-150x150.jpg\" class=\"attachment-thumbnail size-thumbnail\" alt=\"\" \/><\/a>\n\t\t\t<\/div><\/figure><figure class='gallery-item'>\n\t\t\t<div class='gallery-icon landscape'>\n\t\t\t\t<a href='https:\/\/psicologia.faccat.br\/blog\/curso\/fotos\/fotos-2013\/mostratec\/attachment\/1377172_652111958143980_952768138_n\/'><img loading=\"lazy\" decoding=\"async\" width=\"150\" height=\"150\" src=\"https:\/\/psicologia.faccat.br\/blog\/wp-content\/uploads\/2013\/10\/1377172_652111958143980_952768138_n-150x150.jpg\" class=\"attachment-thumbnail size-thumbnail\" alt=\"\" \/><\/a>\n\t\t\t<\/div><\/figure><figure class='gallery-item'>\n\t\t\t<div class='gallery-icon landscape'>\n\t\t\t\t<a href='https:\/\/psicologia.faccat.br\/blog\/curso\/fotos\/fotos-2013\/mostratec\/attachment\/1378645_652117878143388_1806452286_n\/'><img loading=\"lazy\" decoding=\"async\" width=\"150\" height=\"150\" src=\"https:\/\/psicologia.faccat.br\/blog\/wp-content\/uploads\/2013\/10\/1378645_652117878143388_1806452286_n-150x150.jpg\" class=\"attachment-thumbnail size-thumbnail\" alt=\"\" srcset=\"https:\/\/psicologia.faccat.br\/blog\/wp-content\/uploads\/2013\/10\/1378645_652117878143388_1806452286_n-150x150.jpg 150w, https:\/\/psicologia.faccat.br\/blog\/wp-content\/uploads\/2013\/10\/1378645_652117878143388_1806452286_n-300x300.jpg 300w, https:\/\/psicologia.faccat.br\/blog\/wp-content\/uploads\/2013\/10\/1378645_652117878143388_1806452286_n.jpg 640w\" sizes=\"auto, (max-width: 150px) 85vw, 150px\" \/><\/a>\n\t\t\t<\/div><\/figure><figure class='gallery-item'>\n\t\t\t<div class='gallery-icon landscape'>\n\t\t\t\t<a href='https:\/\/psicologia.faccat.br\/blog\/curso\/fotos\/fotos-2013\/mostratec\/attachment\/1381282_652124611476048_940537957_n\/'><img loading=\"lazy\" decoding=\"async\" width=\"150\" height=\"150\" src=\"https:\/\/psicologia.faccat.br\/blog\/wp-content\/uploads\/2013\/10\/1381282_652124611476048_940537957_n-150x150.jpg\" class=\"attachment-thumbnail size-thumbnail\" alt=\"\" \/><\/a>\n\t\t\t<\/div><\/figure><figure class='gallery-item'>\n\t\t\t<div class='gallery-icon landscape'>\n\t\t\t\t<a href='https:\/\/psicologia.faccat.br\/blog\/curso\/fotos\/fotos-2013\/mostratec\/attachment\/1383780_652118834809959_1813034168_n\/'><img loading=\"lazy\" decoding=\"async\" width=\"150\" height=\"150\" src=\"https:\/\/psicologia.faccat.br\/blog\/wp-content\/uploads\/2013\/10\/1383780_652118834809959_1813034168_n-150x150.jpg\" class=\"attachment-thumbnail size-thumbnail\" alt=\"\" srcset=\"https:\/\/psicologia.faccat.br\/blog\/wp-content\/uploads\/2013\/10\/1383780_652118834809959_1813034168_n-150x150.jpg 150w, https:\/\/psicologia.faccat.br\/blog\/wp-content\/uploads\/2013\/10\/1383780_652118834809959_1813034168_n-300x300.jpg 300w, https:\/\/psicologia.faccat.br\/blog\/wp-content\/uploads\/2013\/10\/1383780_652118834809959_1813034168_n.jpg 640w\" sizes=\"auto, (max-width: 150px) 85vw, 150px\" \/><\/a>\n\t\t\t<\/div><\/figure><figure class='gallery-item'>\n\t\t\t<div class='gallery-icon landscape'>\n\t\t\t\t<a href='https:\/\/psicologia.faccat.br\/blog\/curso\/fotos\/fotos-2013\/mostratec\/attachment\/1391520_652112068143969_1499060303_n\/'><img loading=\"lazy\" decoding=\"async\" width=\"150\" height=\"150\" src=\"https:\/\/psicologia.faccat.br\/blog\/wp-content\/uploads\/2013\/10\/1391520_652112068143969_1499060303_n-150x150.jpg\" class=\"attachment-thumbnail size-thumbnail\" alt=\"\" \/><\/a>\n\t\t\t<\/div><\/figure><figure class='gallery-item'>\n\t\t\t<div class='gallery-icon landscape'>\n\t\t\t\t<a href='https:\/\/psicologia.faccat.br\/blog\/curso\/fotos\/fotos-2013\/mostratec\/attachment\/1395167_652128971475612_488212253_n\/'><img loading=\"lazy\" decoding=\"async\" width=\"150\" height=\"150\" src=\"https:\/\/psicologia.faccat.br\/blog\/wp-content\/uploads\/2013\/10\/1395167_652128971475612_488212253_n-150x150.jpg\" class=\"attachment-thumbnail size-thumbnail\" alt=\"\" \/><\/a>\n\t\t\t<\/div><\/figure><figure class='gallery-item'>\n\t\t\t<div class='gallery-icon landscape'>\n\t\t\t\t<a href='https:\/\/psicologia.faccat.br\/blog\/curso\/fotos\/fotos-2013\/mostratec\/attachment\/1396024_652111848143991_1480563853_n\/'><img loading=\"lazy\" decoding=\"async\" width=\"150\" height=\"150\" src=\"https:\/\/psicologia.faccat.br\/blog\/wp-content\/uploads\/2013\/10\/1396024_652111848143991_1480563853_n-150x150.jpg\" class=\"attachment-thumbnail size-thumbnail\" alt=\"\" \/><\/a>\n\t\t\t<\/div><\/figure><figure class='gallery-item'>\n\t\t\t<div class='gallery-icon landscape'>\n\t\t\t\t<a href='https:\/\/psicologia.faccat.br\/blog\/curso\/fotos\/fotos-2013\/mostratec\/attachment\/1375897_652380004783842_1706872517_n\/'><img loading=\"lazy\" decoding=\"async\" width=\"150\" height=\"150\" src=\"https:\/\/psicologia.faccat.br\/blog\/wp-content\/uploads\/2013\/10\/1375897_652380004783842_1706872517_n-150x150.jpg\" class=\"attachment-thumbnail size-thumbnail\" alt=\"\" srcset=\"https:\/\/psicologia.faccat.br\/blog\/wp-content\/uploads\/2013\/10\/1375897_652380004783842_1706872517_n-150x150.jpg 150w, https:\/\/psicologia.faccat.br\/blog\/wp-content\/uploads\/2013\/10\/1375897_652380004783842_1706872517_n-300x300.jpg 300w, https:\/\/psicologia.faccat.br\/blog\/wp-content\/uploads\/2013\/10\/1375897_652380004783842_1706872517_n.jpg 640w\" sizes=\"auto, (max-width: 150px) 85vw, 150px\" \/><\/a>\n\t\t\t<\/div><\/figure>\n\t\t<\/div>\n\n<!-- AddThis Advanced Settings generic via filter on the_content --><!-- AddThis Share Buttons generic via filter on the_content -->","protected":false},"excerpt":{"rendered":"<p>\u00a0Nos dias 21 e 22 de outubro de 2013, acad\u00eamicas e professoras do Curso de Psicologia estiveram presentes na MOSTRATEC &#8211; Mostra Brasileira\u00a0 e Internacional de Ci\u00eancia e Tecnologia, oferecendo a atividade de Orienta\u00e7\u00e3o Profissional para alunos de Ensino Fundamental e M\u00e9dio. A atividade tem como objetivo auxiliar alunos a refletirem e aprenderem que crit\u00e9rios &hellip; <a href=\"https:\/\/psicologia.faccat.br\/blog\/curso\/fotos\/fotos-2013\/mostratec\/\" class=\"more-link\">Continue lendo<span class=\"screen-reader-text\"> &#8220;MOSTRATEC&#8221;<\/span><\/a><!-- AddThis Advanced Settings generic via filter on get_the_excerpt --><!-- AddThis Share Buttons generic via filter on get_the_excerpt --><\/p>\n","protected":false},"author":4,"featured_media":0,"parent":1604,"menu_order":0,"comment_status":"open","ping_status":"open","template":"","meta":{"footnotes":""},"class_list":["post-2490","page","type-page","status-publish","hentry"],"_links":{"self":[{"href":"https:\/\/psicologia.faccat.br\/blog\/wp-json\/wp\/v2\/pages\/2490","targetHints":{"allow":["GET"]}}],"collection":[{"href":"https:\/\/psicologia.faccat.br\/blog\/wp-json\/wp\/v2\/pages"}],"about":[{"href":"https:\/\/psicologia.faccat.br\/blog\/wp-json\/wp\/v2\/types\/page"}],"author":[{"embeddable":true,"href":"https:\/\/psicologia.faccat.br\/blog\/wp-json\/wp\/v2\/users\/4"}],"replies":[{"embeddable":true,"href":"https:\/\/psicologia.faccat.br\/blog\/wp-json\/wp\/v2\/comments?post=2490"}],"version-history":[{"count":7,"href":"https:\/\/psicologia.faccat.br\/blog\/wp-json\/wp\/v2\/pages\/2490\/revisions"}],"predecessor-version":[{"id":2502,"href":"https:\/\/psicologia.faccat.br\/blog\/wp-json\/wp\/v2\/pages\/2490\/revisions\/2502"}],"up":[{"embeddable":true,"href":"https:\/\/psicologia.faccat.br\/blog\/wp-json\/wp\/v2\/pages\/1604"}],"wp:attachment":[{"href":"https:\/\/psicologia.faccat.br\/blog\/wp-json\/wp\/v2\/media?parent=2490"}],"curies":[{"name":"wp","href":"https:\/\/api.w.org\/{rel}","templated":true}]}}