{"id":212,"date":"2013-03-04T20:27:03","date_gmt":"2013-03-04T20:27:03","guid":{"rendered":"http:\/\/psicologia.faccat.br\/blog\/?page_id=212"},"modified":"2013-03-05T20:19:23","modified_gmt":"2013-03-05T20:19:23","slug":"atividades-complementares","status":"publish","type":"page","link":"https:\/\/psicologia.faccat.br\/blog\/formacao\/atividades-complementares\/","title":{"rendered":"Atividades complementares"},"content":{"rendered":"<p>Para acessar a p\u00e1gina das\u00a0<strong>Atividades Complementares\u00a0<\/strong>do\u00a0<strong>Portal da FACCAT<\/strong> e encontrar informa\u00e7\u00f5es institucionais relacionadas \u00e0s atividades complementares do Curso de Psicologia, <a href=\"http:\/\/www2.faccat.br\/portal\/?q=node\/1204\">CLIQUE AQUI!<\/a><\/p>\n<!-- AddThis Advanced Settings generic via filter on the_content --><!-- AddThis Share Buttons generic via filter on the_content -->","protected":false},"excerpt":{"rendered":"<p>Para acessar a p\u00e1gina das\u00a0Atividades Complementares\u00a0do\u00a0Portal da FACCAT e encontrar informa\u00e7\u00f5es institucionais relacionadas \u00e0s atividades complementares do Curso de Psicologia, CLIQUE AQUI!<!-- AddThis Advanced Settings generic via filter on get_the_excerpt --><!-- AddThis Share Buttons generic via filter on get_the_excerpt --><\/p>\n","protected":false},"author":4,"featured_media":0,"parent":9,"menu_order":0,"comment_status":"open","ping_status":"open","template":"","meta":{"footnotes":""},"class_list":["post-212","page","type-page","status-publish","hentry"],"_links":{"self":[{"href":"https:\/\/psicologia.faccat.br\/blog\/wp-json\/wp\/v2\/pages\/212","targetHints":{"allow":["GET"]}}],"collection":[{"href":"https:\/\/psicologia.faccat.br\/blog\/wp-json\/wp\/v2\/pages"}],"about":[{"href":"https:\/\/psicologia.faccat.br\/blog\/wp-json\/wp\/v2\/types\/page"}],"author":[{"embeddable":true,"href":"https:\/\/psicologia.faccat.br\/blog\/wp-json\/wp\/v2\/users\/4"}],"replies":[{"embeddable":true,"href":"https:\/\/psicologia.faccat.br\/blog\/wp-json\/wp\/v2\/comments?post=212"}],"version-history":[{"count":4,"href":"https:\/\/psicologia.faccat.br\/blog\/wp-json\/wp\/v2\/pages\/212\/revisions"}],"predecessor-version":[{"id":256,"href":"https:\/\/psicologia.faccat.br\/blog\/wp-json\/wp\/v2\/pages\/212\/revisions\/256"}],"up":[{"embeddable":true,"href":"https:\/\/psicologia.faccat.br\/blog\/wp-json\/wp\/v2\/pages\/9"}],"wp:attachment":[{"href":"https:\/\/psicologia.faccat.br\/blog\/wp-json\/wp\/v2\/media?parent=212"}],"curies":[{"name":"wp","href":"https:\/\/api.w.org\/{rel}","templated":true}]}}