{"id":1965,"date":"2013-09-17T18:56:37","date_gmt":"2013-09-17T18:56:37","guid":{"rendered":"http:\/\/psicologia.faccat.br\/blog\/?page_id=1965"},"modified":"2013-09-17T18:56:37","modified_gmt":"2013-09-17T18:56:37","slug":"aula-inaugural-20132","status":"publish","type":"page","link":"https:\/\/psicologia.faccat.br\/blog\/curso\/fotos\/fotos-2013\/aula-inaugural-20132\/","title":{"rendered":"Aula Inaugural 2013\/2"},"content":{"rendered":"<p><b>\u00a0<\/b><\/p>\n<p>Na noite de 16 de Setembro transcorreu a\u00a0Aula\u00a0Magna\u00a0do Curso de Psicologia do segundo semestre letivo. Sob o tema\u00a0\u00c9tica em Pauta: pontos pol\u00eamicos, o evento foi ministrado pelas representantes do CRP, Alexandra Ximendes e Daiane Maus Marques e abordou t\u00f3picos como a quest\u00e3o da \u201cCura Gay\u201d e o Ato M\u00e9dico, bastante referidos na m\u00eddia atualmente e nos espa\u00e7os de discuss\u00e3o acerca da atua\u00e7\u00e3o profissional em Psicologia. Dados interessantes sobre a despatologiza\u00e7\u00e3o recente da homossexualidade foram trazidos pelas palestrantes, apontando como \u00e9 atual a vis\u00e3o sobre esta orienta\u00e7\u00e3o sexual como algo que n\u00e3o \u00e9 doen\u00e7a, e que a cultura e religi\u00e3o promovem esta vis\u00e3o de que o normal \u00e9 a heterossexualidade. Foram tamb\u00e9m trazidas informa\u00e7\u00f5es acerca do Ato M\u00e9dico, um projeto de lei para regulamenta\u00e7\u00e3o da Medicina como profiss\u00e3o, e que no entanto, tira a liberdade de escolha do usu\u00e1rio do servi\u00e7o de sa\u00fade, bem como a autonomia dos demais profissionais da \u00e1rea da sa\u00fade. Gra\u00e7as a mobiliza\u00e7\u00e3o da nossa categoria e das demais profiss\u00f5es da sa\u00fade, este projeto de lei n\u00e3o alcan\u00e7ou o seu objetivo, garantindo a plena atua\u00e7\u00e3o do exerc\u00edcio profissional do Psic\u00f3logo no pa\u00eds.<\/p>\n<p>&nbsp;<\/p>\n<div id='gallery-1' class='gallery galleryid-1965 gallery-columns-3 gallery-size-thumbnail'><figure class='gallery-item'>\n\t\t\t<div class='gallery-icon landscape'>\n\t\t\t\t<a href='https:\/\/psicologia.faccat.br\/blog\/curso\/fotos\/fotos-2013\/aula-inaugural-20132\/attachment\/20130916_220916\/'><img loading=\"lazy\" decoding=\"async\" width=\"150\" height=\"150\" src=\"https:\/\/psicologia.faccat.br\/blog\/wp-content\/uploads\/2013\/09\/20130916_220916-150x150.jpg\" class=\"attachment-thumbnail size-thumbnail\" alt=\"\" \/><\/a>\n\t\t\t<\/div><\/figure><figure class='gallery-item'>\n\t\t\t<div class='gallery-icon portrait'>\n\t\t\t\t<a href='https:\/\/psicologia.faccat.br\/blog\/curso\/fotos\/fotos-2013\/aula-inaugural-20132\/attachment\/aula-magna-setembro-4\/'><img loading=\"lazy\" decoding=\"async\" width=\"150\" height=\"150\" src=\"https:\/\/psicologia.faccat.br\/blog\/wp-content\/uploads\/2013\/09\/AULA-MAGNA-SETEMBRO-4-150x150.jpg\" class=\"attachment-thumbnail size-thumbnail\" alt=\"\" \/><\/a>\n\t\t\t<\/div><\/figure><figure class='gallery-item'>\n\t\t\t<div class='gallery-icon landscape'>\n\t\t\t\t<a href='https:\/\/psicologia.faccat.br\/blog\/curso\/fotos\/fotos-2013\/aula-inaugural-20132\/attachment\/aula-magna-setembro-11\/'><img loading=\"lazy\" decoding=\"async\" width=\"150\" height=\"150\" src=\"https:\/\/psicologia.faccat.br\/blog\/wp-content\/uploads\/2013\/09\/AULA-MAGNA-SETEMBRO-11-150x150.jpg\" class=\"attachment-thumbnail size-thumbnail\" alt=\"\" \/><\/a>\n\t\t\t<\/div><\/figure><figure class='gallery-item'>\n\t\t\t<div class='gallery-icon landscape'>\n\t\t\t\t<a href='https:\/\/psicologia.faccat.br\/blog\/curso\/fotos\/fotos-2013\/aula-inaugural-20132\/attachment\/aula-magna-setembro-21\/'><img loading=\"lazy\" decoding=\"async\" width=\"150\" height=\"150\" src=\"https:\/\/psicologia.faccat.br\/blog\/wp-content\/uploads\/2013\/09\/AULA-MAGNA-SETEMBRO-21-150x150.jpg\" class=\"attachment-thumbnail size-thumbnail\" alt=\"\" \/><\/a>\n\t\t\t<\/div><\/figure><figure class='gallery-item'>\n\t\t\t<div class='gallery-icon landscape'>\n\t\t\t\t<a href='https:\/\/psicologia.faccat.br\/blog\/curso\/fotos\/fotos-2013\/aula-inaugural-20132\/attachment\/aula-magna-setembro-24\/'><img loading=\"lazy\" decoding=\"async\" width=\"150\" height=\"150\" src=\"https:\/\/psicologia.faccat.br\/blog\/wp-content\/uploads\/2013\/09\/AULA-MAGNA-SETEMBRO-24-150x150.jpg\" class=\"attachment-thumbnail size-thumbnail\" alt=\"\" \/><\/a>\n\t\t\t<\/div><\/figure><figure class='gallery-item'>\n\t\t\t<div class='gallery-icon landscape'>\n\t\t\t\t<a href='https:\/\/psicologia.faccat.br\/blog\/curso\/fotos\/fotos-2013\/aula-inaugural-20132\/attachment\/aula-magna-setembro-5-medium\/'><img loading=\"lazy\" decoding=\"async\" width=\"150\" height=\"150\" src=\"https:\/\/psicologia.faccat.br\/blog\/wp-content\/uploads\/2013\/09\/AULA-MAGNA-SETEMBRO-5-Medium-150x150.jpg\" class=\"attachment-thumbnail size-thumbnail\" alt=\"\" \/><\/a>\n\t\t\t<\/div><\/figure><figure class='gallery-item'>\n\t\t\t<div class='gallery-icon landscape'>\n\t\t\t\t<a href='https:\/\/psicologia.faccat.br\/blog\/curso\/fotos\/fotos-2013\/aula-inaugural-20132\/attachment\/aula-magna-setembro-5\/'><img loading=\"lazy\" decoding=\"async\" width=\"150\" height=\"150\" src=\"https:\/\/psicologia.faccat.br\/blog\/wp-content\/uploads\/2013\/09\/AULA-MAGNA-SETEMBRO-5-150x150.jpg\" class=\"attachment-thumbnail size-thumbnail\" alt=\"\" \/><\/a>\n\t\t\t<\/div><\/figure><figure class='gallery-item'>\n\t\t\t<div class='gallery-icon landscape'>\n\t\t\t\t<a href='https:\/\/psicologia.faccat.br\/blog\/curso\/fotos\/fotos-2013\/aula-inaugural-20132\/attachment\/aula-magna-setembro-6\/'><img loading=\"lazy\" decoding=\"async\" width=\"150\" height=\"150\" src=\"https:\/\/psicologia.faccat.br\/blog\/wp-content\/uploads\/2013\/09\/AULA-MAGNA-SETEMBRO-6-150x150.jpg\" class=\"attachment-thumbnail size-thumbnail\" alt=\"\" \/><\/a>\n\t\t\t<\/div><\/figure><figure class='gallery-item'>\n\t\t\t<div class='gallery-icon landscape'>\n\t\t\t\t<a href='https:\/\/psicologia.faccat.br\/blog\/curso\/fotos\/fotos-2013\/aula-inaugural-20132\/attachment\/aula-magna-setembro-7\/'><img loading=\"lazy\" decoding=\"async\" width=\"150\" height=\"150\" src=\"https:\/\/psicologia.faccat.br\/blog\/wp-content\/uploads\/2013\/09\/AULA-MAGNA-SETEMBRO-7-150x150.jpg\" class=\"attachment-thumbnail size-thumbnail\" alt=\"\" \/><\/a>\n\t\t\t<\/div><\/figure>\n\t\t<\/div>\n\n<!-- AddThis Advanced Settings generic via filter on the_content --><!-- AddThis Share Buttons generic via filter on the_content -->","protected":false},"excerpt":{"rendered":"<p>\u00a0 Na noite de 16 de Setembro transcorreu a\u00a0Aula\u00a0Magna\u00a0do Curso de Psicologia do segundo semestre letivo. Sob o tema\u00a0\u00c9tica em Pauta: pontos pol\u00eamicos, o evento foi ministrado pelas representantes do CRP, Alexandra Ximendes e Daiane Maus Marques e abordou t\u00f3picos como a quest\u00e3o da \u201cCura Gay\u201d e o Ato M\u00e9dico, bastante referidos na m\u00eddia atualmente &hellip; <a href=\"https:\/\/psicologia.faccat.br\/blog\/curso\/fotos\/fotos-2013\/aula-inaugural-20132\/\" class=\"more-link\">Continue lendo<span class=\"screen-reader-text\"> &#8220;Aula Inaugural 2013\/2&#8221;<\/span><\/a><!-- AddThis Advanced Settings generic via filter on get_the_excerpt --><!-- AddThis Share Buttons generic via filter on get_the_excerpt --><\/p>\n","protected":false},"author":4,"featured_media":0,"parent":1604,"menu_order":0,"comment_status":"open","ping_status":"open","template":"","meta":{"footnotes":""},"class_list":["post-1965","page","type-page","status-publish","hentry"],"_links":{"self":[{"href":"https:\/\/psicologia.faccat.br\/blog\/wp-json\/wp\/v2\/pages\/1965","targetHints":{"allow":["GET"]}}],"collection":[{"href":"https:\/\/psicologia.faccat.br\/blog\/wp-json\/wp\/v2\/pages"}],"about":[{"href":"https:\/\/psicologia.faccat.br\/blog\/wp-json\/wp\/v2\/types\/page"}],"author":[{"embeddable":true,"href":"https:\/\/psicologia.faccat.br\/blog\/wp-json\/wp\/v2\/users\/4"}],"replies":[{"embeddable":true,"href":"https:\/\/psicologia.faccat.br\/blog\/wp-json\/wp\/v2\/comments?post=1965"}],"version-history":[{"count":2,"href":"https:\/\/psicologia.faccat.br\/blog\/wp-json\/wp\/v2\/pages\/1965\/revisions"}],"predecessor-version":[{"id":1976,"href":"https:\/\/psicologia.faccat.br\/blog\/wp-json\/wp\/v2\/pages\/1965\/revisions\/1976"}],"up":[{"embeddable":true,"href":"https:\/\/psicologia.faccat.br\/blog\/wp-json\/wp\/v2\/pages\/1604"}],"wp:attachment":[{"href":"https:\/\/psicologia.faccat.br\/blog\/wp-json\/wp\/v2\/media?parent=1965"}],"curies":[{"name":"wp","href":"https:\/\/api.w.org\/{rel}","templated":true}]}}