{"id":157,"date":"2013-02-27T20:42:22","date_gmt":"2013-02-27T20:42:22","guid":{"rendered":"http:\/\/psicologia.faccat.br\/blog\/?page_id=157"},"modified":"2023-04-25T18:41:35","modified_gmt":"2023-04-25T18:41:35","slug":"cesep","status":"publish","type":"page","link":"https:\/\/psicologia.faccat.br\/blog\/","title":{"rendered":"CESEP"},"content":{"rendered":"<p><b>Sobre o Cesep &#8211; Centro de Servi\u00e7os em Psicologia<\/b><\/p>\n<p><span style=\"font-weight: 400;\">O aluno de gradua\u00e7\u00e3o em Psicologia deve se aproximar da realidade profissional atrav\u00e9s de pr\u00e1ticas profissionalizantes. Partindo desse pressuposto o Curso de Psicologia das Faculdades Integradas de Taquara (FACCAT) implantou, em novembro de 2007, o Servi\u00e7o-Escola em Psicologia, conhecido como Centro de Servi\u00e7os em Psicologia (CESEP).<\/span><\/p>\n<p><span style=\"font-weight: 400;\">Desde sua funda\u00e7\u00e3o o CESEP oferece servi\u00e7os psicol\u00f3gicos a indiv\u00edduos, fam\u00edlias, grupos e organiza\u00e7\u00f5es.\u00a0<\/span><\/p>\n<p><span style=\"font-weight: 400;\">Voltado para a popula\u00e7\u00e3o de baixa renda, funcion\u00e1rios e acad\u00eamicos da Faccat, os estagi\u00e1rios do CESEP, sob a supervis\u00e3o de professores do curso de Psicologia, realizam as seguintes atividades:\u00a0<\/span><\/p>\n<p><span style=\"font-weight: 400;\">\u25ba Servi\u00e7o de Acolhimento Psicol\u00f3gico<\/span><\/p>\n<p><span style=\"font-weight: 400;\">\u25ba Avalia\u00e7\u00e3o psicol\u00f3gica (psicodiagn\u00f3stico, neuropsicologia e per\u00edcia forense);<\/span><\/p>\n<p><span style=\"font-weight: 400;\">\u25ba Interven\u00e7\u00e3o em neuroeduca\u00e7\u00e3o;<\/span><\/p>\n<p><span style=\"font-weight: 400;\">\u25ba Psicoterapia individual para todas as idades (crian\u00e7a, adolescente, adulto e idoso);<\/span><\/p>\n<p><span style=\"font-weight: 400;\">\u25ba Psicoterapia para casais e fam\u00edlias<\/span><\/p>\n<p><span style=\"font-weight: 400;\">\u25ba Orienta\u00e7\u00e3o profissional, planejamento de carreira e prepara\u00e7\u00e3o para a aposentadoria;\u00a0<\/span><\/p>\n<p><span style=\"font-weight: 400;\">\u25ba Consultoria a empresas (micro, pequenas e de m\u00e9dio porte)\u00a0<\/span><\/p>\n<p><span style=\"font-weight: 400;\">\u25ba Interven\u00e7\u00e3o em Sa\u00fade do Trabalhador<\/span><\/p>\n<p><span style=\"font-weight: 400;\">Os estagi\u00e1rios do CESEP tamb\u00e9m realizam interven\u00e7\u00f5es nas \u00e1reas da Psicologia Comunit\u00e1ria, Psicologia Escolar e Psicologia Jur\u00eddica.<\/span><\/p>\n<p><span style=\"font-weight: 400;\">\u00a0<\/span><\/p>\n<p><span style=\"font-weight: 400;\">Interessados em nossos servi\u00e7os devem preencher o formul\u00e1rio online, dispon\u00edvel no site da FACCAT.<\/span><\/p>\n<p><span style=\"font-weight: 400;\">Se preferir, pode entrar em contato conosco pelo e-mail <\/span><a href=\"mailto:cesep@faccat.br\"><span style=\"font-weight: 400;\">cesep@faccat.br<\/span><\/a><span style=\"font-weight: 400;\"> ou pelo telefone (51) 3541.6611 para maiores informa\u00e7\u00f5es e esclarecimentos.<\/span><\/p>\n<p><b>Endere\u00e7o<\/b><span style=\"font-weight: 400;\">: Avenida Oscar Martins Rangel, 4500, sala E 102\u00a0 (Campus da FACCAT) &#8211; Taquara<\/span><\/p>\n<p><b>Atendimento<\/b><span style=\"font-weight: 400;\">: de segunda \u00e0 sexta-feira, nos turnos tarde e noite.<\/span><\/p>\n<p style=\"text-align: left;\">\n<p><strong><a href=\"http:\/\/psicologia.faccat.br\/blog\/wp-content\/uploads\/2013\/02\/artigo.pdf\"><strong>Artigo: <\/strong>O Papel do Servi\u00e7o-Escola na Consolida\u00e7\u00e3o do Projeto Pedag\u00f3gico do Curso de Psicologia<\/a><\/strong><\/p>\n<p align=\"center\">\n<!-- AddThis Advanced Settings generic via filter on the_content --><!-- AddThis Share Buttons generic via filter on the_content -->","protected":false},"excerpt":{"rendered":"<p>Sobre o Cesep &#8211; Centro de Servi\u00e7os em Psicologia O aluno de gradua\u00e7\u00e3o em Psicologia deve se aproximar da realidade profissional atrav\u00e9s de pr\u00e1ticas profissionalizantes. Partindo desse pressuposto o Curso de Psicologia das Faculdades Integradas de Taquara (FACCAT) implantou, em novembro de 2007, o Servi\u00e7o-Escola em Psicologia, conhecido como Centro de Servi\u00e7os em Psicologia (CESEP). &hellip; <a href=\"https:\/\/psicologia.faccat.br\/blog\/\" class=\"more-link\">Continue lendo<span class=\"screen-reader-text\"> &#8220;CESEP&#8221;<\/span><\/a><!-- AddThis Advanced Settings generic via filter on get_the_excerpt --><!-- AddThis Share Buttons generic via filter on get_the_excerpt --><\/p>\n","protected":false},"author":4,"featured_media":0,"parent":139,"menu_order":0,"comment_status":"open","ping_status":"open","template":"","meta":{"footnotes":""},"class_list":["post-157","page","type-page","status-publish","hentry"],"_links":{"self":[{"href":"https:\/\/psicologia.faccat.br\/blog\/wp-json\/wp\/v2\/pages\/157","targetHints":{"allow":["GET"]}}],"collection":[{"href":"https:\/\/psicologia.faccat.br\/blog\/wp-json\/wp\/v2\/pages"}],"about":[{"href":"https:\/\/psicologia.faccat.br\/blog\/wp-json\/wp\/v2\/types\/page"}],"author":[{"embeddable":true,"href":"https:\/\/psicologia.faccat.br\/blog\/wp-json\/wp\/v2\/users\/4"}],"replies":[{"embeddable":true,"href":"https:\/\/psicologia.faccat.br\/blog\/wp-json\/wp\/v2\/comments?post=157"}],"version-history":[{"count":20,"href":"https:\/\/psicologia.faccat.br\/blog\/wp-json\/wp\/v2\/pages\/157\/revisions"}],"predecessor-version":[{"id":6861,"href":"https:\/\/psicologia.faccat.br\/blog\/wp-json\/wp\/v2\/pages\/157\/revisions\/6861"}],"up":[{"embeddable":true,"href":"https:\/\/psicologia.faccat.br\/blog\/wp-json\/wp\/v2\/pages\/139"}],"wp:attachment":[{"href":"https:\/\/psicologia.faccat.br\/blog\/wp-json\/wp\/v2\/media?parent=157"}],"curies":[{"name":"wp","href":"https:\/\/api.w.org\/{rel}","templated":true}]}}