{"id":151,"date":"2013-02-27T20:38:33","date_gmt":"2013-02-27T20:38:33","guid":{"rendered":"http:\/\/psicologia.faccat.br\/blog\/?page_id=151"},"modified":"2023-04-25T18:30:33","modified_gmt":"2023-04-25T18:30:33","slug":"avaliacao-psicologica","status":"publish","type":"page","link":"https:\/\/psicologia.faccat.br\/blog\/laboratorios\/avaliacao-psicologica\/","title":{"rendered":"Avalia\u00e7\u00e3o Psicol\u00f3gica"},"content":{"rendered":"<p>O Laborat\u00f3rio de Avalia\u00e7\u00e3o Psicol\u00f3gica foi criado com o intuito de disponibilizar aos alunos do curso materiais necess\u00e1rios para a realiza\u00e7\u00e3o procedimentos de diagn\u00f3stico psicol\u00f3gico, bem como auxiliar no desenvolvimento das disciplinas de T\u00e9cnicas de Exame Psicol\u00f3gico. Atualmente, o laborat\u00f3rio conta com diversos testes psicol\u00f3gicos, escalas e invent\u00e1rios utilizados para os mais variados fins, entre eles avalia\u00e7\u00e3o psicodiagn\u00f3stica, orienta\u00e7\u00e3o profissional e sele\u00e7\u00e3o de pessoal. No laborat\u00f3rio est\u00e3o dispon\u00edveis, ainda, materiais bibliogr\u00e1ficos relacionados \u00e0 avalia\u00e7\u00e3o psicol\u00f3gica.<\/p>\n<h2><strong>Como fazer para retirar testes<\/strong><strong>?<\/strong><\/h2>\n<p>Para solicitar empr\u00e9stimos de materiais do acervo do Laborat\u00f3rio de Avalia\u00e7\u00e3o Psicol\u00f3gica \u00e9 necess\u00e1rio nos contatar,\u00a0 atrav\u00e9s do e-mail : psicologiatestes@faccat.br<\/p>\n<p><a href=\"http:\/\/psicologia.faccat.br\/blog\/wp-content\/uploads\/2013\/02\/Pol\u00edtica-de-uso-do-Laborat\u00f3rio-de-avalia\u00e7\u00e3o-Psicol\u00f3gica-atualizada.pdf\">Pol\u00edtica de uso do Laborat\u00f3rio de avalia\u00e7\u00e3o Psicol\u00f3gica<\/a><\/p>\n<!-- AddThis Advanced Settings generic via filter on the_content --><!-- AddThis Share Buttons generic via filter on the_content -->","protected":false},"excerpt":{"rendered":"<p>O Laborat\u00f3rio de Avalia\u00e7\u00e3o Psicol\u00f3gica foi criado com o intuito de disponibilizar aos alunos do curso materiais necess\u00e1rios para a realiza\u00e7\u00e3o procedimentos de diagn\u00f3stico psicol\u00f3gico, bem como auxiliar no desenvolvimento das disciplinas de T\u00e9cnicas de Exame Psicol\u00f3gico. Atualmente, o laborat\u00f3rio conta com diversos testes psicol\u00f3gicos, escalas e invent\u00e1rios utilizados para os mais variados fins, entre &hellip; <a href=\"https:\/\/psicologia.faccat.br\/blog\/laboratorios\/avaliacao-psicologica\/\" class=\"more-link\">Continue lendo<span class=\"screen-reader-text\"> &#8220;Avalia\u00e7\u00e3o Psicol\u00f3gica&#8221;<\/span><\/a><!-- AddThis Advanced Settings generic via filter on get_the_excerpt --><!-- AddThis Share Buttons generic via filter on get_the_excerpt --><\/p>\n","protected":false},"author":4,"featured_media":0,"parent":139,"menu_order":0,"comment_status":"open","ping_status":"open","template":"","meta":{"footnotes":""},"class_list":["post-151","page","type-page","status-publish","hentry"],"_links":{"self":[{"href":"https:\/\/psicologia.faccat.br\/blog\/wp-json\/wp\/v2\/pages\/151","targetHints":{"allow":["GET"]}}],"collection":[{"href":"https:\/\/psicologia.faccat.br\/blog\/wp-json\/wp\/v2\/pages"}],"about":[{"href":"https:\/\/psicologia.faccat.br\/blog\/wp-json\/wp\/v2\/types\/page"}],"author":[{"embeddable":true,"href":"https:\/\/psicologia.faccat.br\/blog\/wp-json\/wp\/v2\/users\/4"}],"replies":[{"embeddable":true,"href":"https:\/\/psicologia.faccat.br\/blog\/wp-json\/wp\/v2\/comments?post=151"}],"version-history":[{"count":24,"href":"https:\/\/psicologia.faccat.br\/blog\/wp-json\/wp\/v2\/pages\/151\/revisions"}],"predecessor-version":[{"id":6858,"href":"https:\/\/psicologia.faccat.br\/blog\/wp-json\/wp\/v2\/pages\/151\/revisions\/6858"}],"up":[{"embeddable":true,"href":"https:\/\/psicologia.faccat.br\/blog\/wp-json\/wp\/v2\/pages\/139"}],"wp:attachment":[{"href":"https:\/\/psicologia.faccat.br\/blog\/wp-json\/wp\/v2\/media?parent=151"}],"curies":[{"name":"wp","href":"https:\/\/api.w.org\/{rel}","templated":true}]}}