{"id":127,"date":"2013-02-27T20:06:39","date_gmt":"2013-02-27T20:06:39","guid":{"rendered":"http:\/\/psicologia.faccat.br\/blog\/?page_id=127"},"modified":"2018-05-29T17:01:04","modified_gmt":"2018-05-29T17:01:04","slug":"grupos-de-pesquisa","status":"publish","type":"page","link":"https:\/\/psicologia.faccat.br\/blog\/formacao\/grupos-de-pesquisa\/","title":{"rendered":"Grupos de pesquisa"},"content":{"rendered":"<p>O Curso de Psicologia da Faccat, atrav\u00e9s da preocupa\u00e7\u00e3o em disponibilizar oportunidades de pesquisa aos acad\u00eamicos, busca alcan\u00e7ar objetivos que representam desafios de um agir\/pensar harm\u00f4nico com a comunidade regional como desenvolver pr\u00e1ticas educativas para a forma\u00e7\u00e3o integral dos futuros profissionais e atender a compromissos sociais da Institui\u00e7\u00e3o para com a comunidade. Nesse sentido, os trabalhos de investiga\u00e7\u00e3o cient\u00edfica centram-se em duas linhas de pesquisa, resultantes da combina\u00e7\u00e3o entre demandas priorit\u00e1rias na regi\u00e3o do Vale do Paranhana com as \u00eanfases curriculares constantes no Projeto Pedag\u00f3gico do Curso.<\/p>\n<p>Assim, foi dada primazia \u00e0s\u00a0linhas de pesquisa\u00a0relacionadas \u00e0s \u00eanfases do Curso de Psicologia da Faccat:\u00a0Psicologia Social e da Sa\u00fade\u00a0e\u00a0Psicologia do Trabalho. Cabe destacar que, nessas \u00e1reas de investiga\u00e7\u00e3o, ser\u00e3o desenvolvidas pesquisas e interven\u00e7\u00f5es em m\u00faltiplos contextos que possam ter impacto positivo para a realidade comunit\u00e1ria.<\/p>\n<p>Sempre que poss\u00edvel, busca-se aliar as atividades de extens\u00e3o \u00e0s pr\u00e1ticas de pesquisa nelas desenvolvidas, fazendo com que o acad\u00eamico aprimore, ao mesmo tempo, habilidades relacionadas \u00e0 interven\u00e7\u00e3o e \u00e0 produ\u00e7\u00e3o de conhecimento cient\u00edfico. Dessa forma, viabilizam-se grupos de pesquisa que tecem esfor\u00e7os na dire\u00e7\u00e3o de realizarem projetos de extens\u00e3o na comunidade que, al\u00e9m de resultarem em benef\u00edcios diretos ao p\u00fablico-alvo, possam ter seus processos (planejamento, m\u00e9todos de interven\u00e7\u00e3o, resultados, entre outros) estudados mediante pesquisa cient\u00edfica.<\/p>\n<p>A\u00a0linha de pesquisa\u00a0que trata de\u00a0Psicologia Social e da Sa\u00fade\u00a0desenvolve projetos relacionados \u00e0s seguintes \u00e1reas:\u00a0Psicologia Comunit\u00e1ria, Psicologia Social, Psicologia Escolar, Psicologia Hospitalar, Psicologia do Tr\u00e2nsito, Psicologia Ambiental, Psicologia Jur\u00eddica, Psicologia do Esporte e Psicologia Cl\u00ednica. As pesquisas desenvolvidas dentro dessa linha consideram aspectos ligados \u00e0 sa\u00fade f\u00edsica e mental, onde os fatores sociais e ambientais t\u00eam participa\u00e7\u00e3o relevante, tais como as intera\u00e7\u00f5es familiares, a vida comunit\u00e1ria e a intera\u00e7\u00e3o com o ambiente e a natureza. Al\u00e9m disso, abrange as a\u00e7\u00f5es desenvolvidas nos m\u00faltiplos contextos vinculados \u00e0 promo\u00e7\u00e3o da sa\u00fade, tais como escolas, hospitais, postos de sa\u00fade e centros comunit\u00e1rios, por exemplo.<\/p>\n<p>Outra\u00a0linha de pesquisa\u00a0abrange a\u00a0Psicologia do Trabalho. Os projetos associados a essa linha de pesquisa versam sobre tem\u00e1ticas relacionadas ao mundo do trabalho, incluindo principalmente os seguintes t\u00f3picos:\u00a0Psicologia do Trabalho, Psicologia Institucional e Psicologia Organizacional. Nessa linha, destacam-se quest\u00f5es tem\u00e1ticas relacionadas ao comportamento laboral, especialmente quanto \u00e0s dimens\u00f5es da sa\u00fade do trabalhador e do desempenho humano, incluindo aspectos a elas associados, tais como prazer\/sofrimento no trabalho, empregabilidade, motiva\u00e7\u00e3o, comunica\u00e7\u00e3o, cultura e clima organizacional, recrutamento, sele\u00e7\u00e3o, acompanhamento funcional, capacita\u00e7\u00e3o e desenvolvimento de pessoal, al\u00e9m de condi\u00e7\u00f5es e processos de trabalho relacionados a fen\u00f4menos psicol\u00f3gicos espec\u00edficos.<\/p>\n<p>As atividades de investiga\u00e7\u00e3o cient\u00edfica iniciaram com a cria\u00e7\u00e3o do primeiro grupo de pesquisa em 2004. Ao longo dos anos, o incentivo \u00e0 pesquisa oferecido pela Institui\u00e7\u00e3o resultou na amplia\u00e7\u00e3o dos grupos de pesquisa, articulados \u00e0s linhas acima descritas, e na maior oferta de temas trabalhados em conjunto por professores\/orientadores e alunos. Os trabalhos desenvolvidos s\u00e3o apresentados em encontros, jornadas, simp\u00f3sios, congressos e mostras de inicia\u00e7\u00e3o cient\u00edfica, al\u00e9m de serem encaminhados para publica\u00e7\u00e3o em diferentes ve\u00edculos de car\u00e1ter cient\u00edfico.<\/p>\n<p>&nbsp;<\/p>\n<p><img loading=\"lazy\" decoding=\"async\" class=\"aligncenter\" src=\"http:\/\/psicologia.faccat.br\/blog\/wp-content\/uploads\/2013\/02\/neurobiologia_do_estresse.png\" alt=\"neurobiologia_do_estresse\" width=\"274\" height=\"88\" \/><\/p>\n<!-- AddThis Advanced Settings generic via filter on the_content --><!-- AddThis Share Buttons generic via filter on the_content -->","protected":false},"excerpt":{"rendered":"<p>O Curso de Psicologia da Faccat, atrav\u00e9s da preocupa\u00e7\u00e3o em disponibilizar oportunidades de pesquisa aos acad\u00eamicos, busca alcan\u00e7ar objetivos que representam desafios de um agir\/pensar harm\u00f4nico com a comunidade regional como desenvolver pr\u00e1ticas educativas para a forma\u00e7\u00e3o integral dos futuros profissionais e atender a compromissos sociais da Institui\u00e7\u00e3o para com a comunidade. Nesse sentido, os &hellip; <a href=\"https:\/\/psicologia.faccat.br\/blog\/formacao\/grupos-de-pesquisa\/\" class=\"more-link\">Continue lendo<span class=\"screen-reader-text\"> &#8220;Grupos de pesquisa&#8221;<\/span><\/a><!-- AddThis Advanced Settings generic via filter on get_the_excerpt --><!-- AddThis Share Buttons generic via filter on get_the_excerpt --><\/p>\n","protected":false},"author":4,"featured_media":0,"parent":9,"menu_order":0,"comment_status":"open","ping_status":"open","template":"","meta":{"footnotes":""},"class_list":["post-127","page","type-page","status-publish","hentry"],"_links":{"self":[{"href":"https:\/\/psicologia.faccat.br\/blog\/wp-json\/wp\/v2\/pages\/127","targetHints":{"allow":["GET"]}}],"collection":[{"href":"https:\/\/psicologia.faccat.br\/blog\/wp-json\/wp\/v2\/pages"}],"about":[{"href":"https:\/\/psicologia.faccat.br\/blog\/wp-json\/wp\/v2\/types\/page"}],"author":[{"embeddable":true,"href":"https:\/\/psicologia.faccat.br\/blog\/wp-json\/wp\/v2\/users\/4"}],"replies":[{"embeddable":true,"href":"https:\/\/psicologia.faccat.br\/blog\/wp-json\/wp\/v2\/comments?post=127"}],"version-history":[{"count":21,"href":"https:\/\/psicologia.faccat.br\/blog\/wp-json\/wp\/v2\/pages\/127\/revisions"}],"predecessor-version":[{"id":135,"href":"https:\/\/psicologia.faccat.br\/blog\/wp-json\/wp\/v2\/pages\/127\/revisions\/135"}],"up":[{"embeddable":true,"href":"https:\/\/psicologia.faccat.br\/blog\/wp-json\/wp\/v2\/pages\/9"}],"wp:attachment":[{"href":"https:\/\/psicologia.faccat.br\/blog\/wp-json\/wp\/v2\/media?parent=127"}],"curies":[{"name":"wp","href":"https:\/\/api.w.org\/{rel}","templated":true}]}}