{"id":118,"date":"2013-02-27T19:55:20","date_gmt":"2013-02-27T19:55:20","guid":{"rendered":"http:\/\/psicologia.faccat.br\/blog\/?page_id=118"},"modified":"2018-06-08T19:57:47","modified_gmt":"2018-06-08T19:57:47","slug":"monitorias","status":"publish","type":"page","link":"https:\/\/psicologia.faccat.br\/blog\/formacao\/monitorias\/","title":{"rendered":"Monitorias"},"content":{"rendered":"<p align=\"justify\">Os alunos que exercem monitoria recebem orienta\u00e7\u00f5es de professores respons\u00e1veis pela atividade, o que promove a coopera\u00e7\u00e3o entre corpo docente e discente, contribui para a melhoria da qualidade de ensino e dinamiza \u00e0s a\u00e7\u00f5es did\u00e1tico-pedag\u00f3gicas.<\/p>\n<p align=\"justify\">O recurso das monitorias est\u00e1 inserido numa pespectiva de aprendizagem que visa contribuir com a forma\u00e7\u00e3o integral do aluno nas atividades de ensino, pesquisa e extens\u00e3o do curso de gradua\u00e7\u00e3o.<\/p>\n<p align=\"justify\">Al\u00e9m de serem uma excelente estrat\u00e9gia de aux\u00edlio a todos os acad\u00eamicos do Curso nas disciplinas \u00e0s quais est\u00e3o matriculados, as atividades de monitoria buscam despertar o interesse dos alunos na atividade docente.<\/p>\n<h3><strong>Observa\u00e7\u00f5es fundamentais sobre Monitoria<\/strong><\/h3>\n<p>(Que se especificam melhor junto ao Termo (edital) que disponibilizamos no site quando h\u00e1 vagas no per\u00edodo de escolha de monitores)<\/p>\n<ol>\n<li>A monitoria desenvolver-se-\u00e1 em conformidade com o projeto de monitoria sob a responsabilidade do professor da disciplina referida, durante per\u00edodo determinado, por uma dura\u00e7\u00e3o de 8 horas semanais em hor\u00e1rio estipulado pela Faculdade.<\/li>\n<li>O controle da realiza\u00e7\u00e3o da atividade de monitoria de que tratar\u00e1 o termo no per\u00edodo e hor\u00e1rio estipulados ser\u00e1 efetuado pelo professor. O n\u00e3o cumprimento das obriga\u00e7\u00f5es dele decorrentes ocasiona o cancelamento da monitoria.<\/li>\n<li>O acad\u00eamico monitor compromete-se ao cumprimento das disposi\u00e7\u00f5es em que se enquadra, constantes da Resolu\u00e7\u00e3o espec\u00edfica que disp\u00f5e sobre o programa de monitoria.<\/li>\n<li>O monitor receber\u00e1, para cada m\u00eas, pelas atividades de monitoria com per\u00edodo de 8 horas semanais, uma bolsa equivalente a 1 disciplina ou quantia proporcional ao n\u00famero de horas constantes do respectivo comprovante de freq\u00fc\u00eancia, valor a ser abatido da mensalidade do curso.<\/li>\n<\/ol>\n<p>&nbsp;<\/p>\n<!-- AddThis Advanced Settings generic via filter on the_content --><!-- AddThis Share Buttons generic via filter on the_content -->","protected":false},"excerpt":{"rendered":"<p>Os alunos que exercem monitoria recebem orienta\u00e7\u00f5es de professores respons\u00e1veis pela atividade, o que promove a coopera\u00e7\u00e3o entre corpo docente e discente, contribui para a melhoria da qualidade de ensino e dinamiza \u00e0s a\u00e7\u00f5es did\u00e1tico-pedag\u00f3gicas. O recurso das monitorias est\u00e1 inserido numa pespectiva de aprendizagem que visa contribuir com a forma\u00e7\u00e3o integral do aluno nas &hellip; <a href=\"https:\/\/psicologia.faccat.br\/blog\/formacao\/monitorias\/\" class=\"more-link\">Continue lendo<span class=\"screen-reader-text\"> &#8220;Monitorias&#8221;<\/span><\/a><!-- AddThis Advanced Settings generic via filter on get_the_excerpt --><!-- AddThis Share Buttons generic via filter on get_the_excerpt --><\/p>\n","protected":false},"author":4,"featured_media":0,"parent":9,"menu_order":0,"comment_status":"open","ping_status":"open","template":"","meta":{"footnotes":""},"class_list":["post-118","page","type-page","status-publish","hentry"],"_links":{"self":[{"href":"https:\/\/psicologia.faccat.br\/blog\/wp-json\/wp\/v2\/pages\/118","targetHints":{"allow":["GET"]}}],"collection":[{"href":"https:\/\/psicologia.faccat.br\/blog\/wp-json\/wp\/v2\/pages"}],"about":[{"href":"https:\/\/psicologia.faccat.br\/blog\/wp-json\/wp\/v2\/types\/page"}],"author":[{"embeddable":true,"href":"https:\/\/psicologia.faccat.br\/blog\/wp-json\/wp\/v2\/users\/4"}],"replies":[{"embeddable":true,"href":"https:\/\/psicologia.faccat.br\/blog\/wp-json\/wp\/v2\/comments?post=118"}],"version-history":[{"count":12,"href":"https:\/\/psicologia.faccat.br\/blog\/wp-json\/wp\/v2\/pages\/118\/revisions"}],"predecessor-version":[{"id":126,"href":"https:\/\/psicologia.faccat.br\/blog\/wp-json\/wp\/v2\/pages\/118\/revisions\/126"}],"up":[{"embeddable":true,"href":"https:\/\/psicologia.faccat.br\/blog\/wp-json\/wp\/v2\/pages\/9"}],"wp:attachment":[{"href":"https:\/\/psicologia.faccat.br\/blog\/wp-json\/wp\/v2\/media?parent=118"}],"curies":[{"name":"wp","href":"https:\/\/api.w.org\/{rel}","templated":true}]}}