{"id":11,"date":"2012-08-21T16:59:52","date_gmt":"2012-08-21T16:59:52","guid":{"rendered":"http:\/\/psicologia.faccat.br\/blog\/?page_id=11"},"modified":"2021-08-02T20:25:45","modified_gmt":"2021-08-02T20:25:45","slug":"estagios","status":"publish","type":"page","link":"https:\/\/psicologia.faccat.br\/blog\/formacao\/estagios\/","title":{"rendered":"Est\u00e1gios"},"content":{"rendered":"<p style=\"text-align: center;\"><a href=\"http:\/\/psicologia.faccat.br\/blog\/formacao\/estagios\/estagios-basicos\/\"><strong>Est\u00e1gios B\u00e1sicos<\/strong><\/a><\/p>\n<p style=\"text-align: center;\"><a href=\"https:\/\/psicologia.faccat.br\/blog\/formacao\/estagios\/profissionais\"><strong>Est\u00e1gios Profissionais<\/strong><\/a><\/p>\n<p style=\"text-align: center;\"><strong><a href=\"http:\/\/psicologia.faccat.br\/blog\/formacao\/estagios\/locais-de-estagio\/ \">Locais de Est\u00e1gios<\/a><\/strong><\/p>\n<p><strong>Coordenadora de Atividades de Est\u00e1gios:\u00a0<span style=\"color: #000000;\"><span style=\"color: #000000;\"><b>Prof\u00aa Alessandra Rodrigues Jacoby<\/b><\/span><\/span>\u00a0 \u00a0\u00a0<b>E-mail: ale@faccat.br e Patr\u00edcia Manozzo Colossi E-mail: patriciacolossi@faccat.br<\/b><\/strong><strong><br \/>\n<\/strong><\/p>\n<p>O Curso de Psicologia da FACCAT inclui, em sua matriz curricular, a realiza\u00e7\u00e3o de seis est\u00e1gios supervisionados (informa\u00e7\u00f5es relativas ao curr\u00edculo 3). Esses est\u00e1gios, divididos em b\u00e1sicos e profissionais, devem ser desenvolvidos ao longo do curso, perfazendo um total de 600 horas, distribu\u00eddas segundo o quadro abaixo:<\/p>\n<p align=\"center\"><b>Est\u00e1gios supervisionados: pr\u00e9-requisitos, distribui\u00e7\u00e3o curricular e carga hor\u00e1ria.<\/b><b><\/b><\/p>\n<table border=\"1\" width=\"614\" cellspacing=\"0\" cellpadding=\"0\">\n<tbody>\n<tr>\n<td colspan=\"2\" width=\"274\">\n<p align=\"center\"><b>Disciplinas<\/b><\/p>\n<\/td>\n<td width=\"189\">\n<p align=\"center\"><b>Pr\u00e9-requisitos<\/b><\/p>\n<\/td>\n<td width=\"85\">\n<p align=\"center\"><b>Semestre<\/b><\/p>\n<\/td>\n<td width=\"66\">\n<p align=\"center\"><b>Carga Hor\u00e1ria<\/b><\/p>\n<\/td>\n<\/tr>\n<tr>\n<td rowspan=\"4\" width=\"86\">\n<p align=\"center\"><b>Est\u00e1gio B\u00e1sico<\/b><\/p>\n<\/td>\n<td width=\"188\">\n<p align=\"center\"><b>EB-a<\/b><\/p>\n<p align=\"center\">Est\u00e1gio B\u00e1sico em Observa\u00e7\u00e3o de Fen\u00f4menos Psicol\u00f3gicos<\/p>\n<p align=\"center\">\n<\/td>\n<td width=\"189\">&#8211; 72 cr\u00e9ditos- Disc. T\u00e9cnicas de Observa\u00e7\u00e3o do Comportamento- Disc. \u00c9tica Profissional<\/td>\n<td width=\"85\">\n<p align=\"center\">5\u00b0<\/p>\n<\/td>\n<td width=\"66\">\n<p align=\"center\">52h<\/p>\n<\/td>\n<\/tr>\n<tr>\n<td width=\"188\">\n<p align=\"center\"><b>EB-b<\/b><\/p>\n<p align=\"center\">Est\u00e1gio B\u00e1sico em Psicologia Social e da Sa\u00fade<\/p>\n<\/td>\n<td width=\"189\">&#8211; EB-a &#8211; Disc. Entrevista Psicol\u00f3gica e Psicologia dos Grupos<\/td>\n<td width=\"85\">\n<p align=\"center\">6\u00b0<\/p>\n<\/td>\n<td width=\"66\">\n<p align=\"center\">52h<\/p>\n<\/td>\n<\/tr>\n<tr>\n<td width=\"188\">\n<p align=\"center\"><b>EB-c<\/b><\/p>\n<p align=\"center\">Est\u00e1gio B\u00e1sico em Psicologia Organizacional e do Trabalho<b><\/b><\/p>\n<\/td>\n<td width=\"189\">&#8211; EB-a &#8211; Disc. Entrevista Psicol\u00f3gica, Psicologia dos Grupos e Psicologia do Trabalho<\/td>\n<td width=\"85\">\n<p align=\"center\">7\u00b0<\/p>\n<\/td>\n<td width=\"66\">\n<p align=\"center\">52h<\/p>\n<\/td>\n<\/tr>\n<tr>\n<td width=\"188\">\n<p align=\"center\"><b>EB-d<\/b><\/p>\n<p align=\"center\">Est\u00e1gio B\u00e1sico em Avalia\u00e7\u00e3o Psicol\u00f3gica<\/p>\n<p align=\"center\"><b>\u00a0<\/b><\/p>\n<\/td>\n<td width=\"189\">&#8211; EB-a- Disc. Introdu\u00e7\u00e3o \u00e0 Avalia\u00e7\u00e3o Psicol\u00f3gica, Entrevista Psicol\u00f3gica e Psicodiagn\u00f3stico<\/td>\n<td width=\"85\">\n<p align=\"center\">8\u00b0<\/p>\n<\/td>\n<td width=\"66\">\n<p align=\"center\">52h<\/p>\n<\/td>\n<\/tr>\n<tr>\n<td rowspan=\"2\" width=\"86\">\n<p align=\"center\"><b>Est\u00e1gio Profissional<\/b><\/p>\n<\/td>\n<td width=\"188\">\n<p align=\"center\"><b>EP-I<\/b><\/p>\n<\/td>\n<td width=\"189\">&#8211; EB-a- EB-b- EB-c- 158 cr\u00e9ditos<\/td>\n<td width=\"85\">\n<p align=\"center\">9\u00b0<\/p>\n<\/td>\n<td width=\"66\">\n<p align=\"center\">196h<\/p>\n<\/td>\n<\/tr>\n<tr>\n<td width=\"188\">\n<p align=\"center\"><b>EP-II<\/b><\/p>\n<p align=\"center\"><b>\u00a0<\/b><\/p>\n<\/td>\n<td width=\"189\">&#8211; EP-I<\/td>\n<td width=\"85\">\n<p align=\"center\">10\u00b0<\/p>\n<\/td>\n<td width=\"66\">\n<p align=\"center\">196h<\/p>\n<\/td>\n<\/tr>\n<tr>\n<td colspan=\"4\" valign=\"top\" width=\"548\">\n<p align=\"right\"><b>Carga hor\u00e1ria total de pr\u00e1ticas de est\u00e1gio<\/b><\/p>\n<\/td>\n<td valign=\"top\" width=\"66\">\n<p align=\"center\"><b>600h<\/b><\/p>\n<\/td>\n<\/tr>\n<\/tbody>\n<\/table>\n<p><b>\u00a0<\/b><\/p>\n<p>A partir do 5\u00b0 semestre, ap\u00f3s a conclus\u00e3o de 72 cr\u00e9ditos (incluindo as disciplinas de T\u00e9cnicas de Observa\u00e7\u00e3o do Comportamento e \u00c9tica Profissional), o aluno deve realizar o\u00a0<b>Est\u00e1gio B\u00e1sico em Observa\u00e7\u00e3o de Fen\u00f4menos Psicol\u00f3gicos (EB-a)<\/b>\u00a0e, ap\u00f3s perfazer este est\u00e1gio, estar\u00e1 apto a cursar o\u00a0<b>Est\u00e1gio B\u00e1sico em Psicologia Social e da Sa\u00fade (EB-b),<\/b>\u00a0assim como\u00a0<b>Est\u00e1gio B\u00e1sico em Psicologia Organizacional e do Trabalho (EB-c).<\/b>\u00a0Para a realiza\u00e7\u00e3o do\u00a0<b>Est\u00e1gio B\u00e1sico em Avalia\u00e7\u00e3o Psicol\u00f3gica (EB-d)<\/b>\u00a0\u00e9 necess\u00e1rio, al\u00e9m do EB-a, ter cursado a disciplina de Introdu\u00e7\u00e3o \u00e0 Avalia\u00e7\u00e3o Psicol\u00f3gica, Entrevista Psicol\u00f3gica e Psicodiagn\u00f3stico.<\/p>\n<p>Os est\u00e1gios b\u00e1sicos b, c e d podem ser realizados, de forma excepcional, no mesmo semestre, ou seja, o aluno poder\u00e1 se matricular em at\u00e9 tr\u00eas est\u00e1gios ao mesmo tempo. No entanto, essa decis\u00e3o implica na necessidade de realizar no mesmo semestre a carga-hor\u00e1ria de tr\u00eas est\u00e1gios (156 horas) e todas as tarefas acad\u00eamicas relativas a cada uma das atividades. Salienta-se que, nestas situa\u00e7\u00f5es, para cada um dos est\u00e1gios o aluno dever\u00e1 ser supervisionado por um professor do curso de Psicologia, respeitando-se a carga-hor\u00e1ria de supervis\u00e3o acad\u00eamica de cada est\u00e1gio. Assim, se o aluno optar por realizar tr\u00eas est\u00e1gios concomitantemente, ter\u00e1 que realizar tr\u00eas supervis\u00f5es acad\u00eamicas semanais, al\u00e9m dos trabalhos de cada uma das disciplinas. Al\u00e9m disso, \u00e9 vetada a realiza\u00e7\u00e3o de pr\u00e1ticas dos diferentes est\u00e1gios no mesmo per\u00edodo em um mesmo local, com exce\u00e7\u00e3o dos est\u00e1gios realizados no Centro de Servi\u00e7os em Psicologia da FACCAT.<\/p>\n<p>Cada um dos est\u00e1gios b\u00e1sicos t\u00eam carga hor\u00e1ria de 52 horas por semestre, totalizando 208 horas de atividades. Essas atividades envolvem tanto as experi\u00eancias nos locais de est\u00e1gio quanto as supervis\u00f5es acad\u00eamicas realizadas por docentes do curso, no transcorrer dos est\u00e1gios.<\/p>\n<p align=\"center\"><b>Carga hor\u00e1ria semanal dos Est\u00e1gios B\u00e1sicos<\/b>:<\/p>\n<p align=\"center\">3 horas no local + supervis\u00e3o acad\u00eamica (na FACCAT).<\/p>\n<p>Os est\u00e1gios b\u00e1sicos t\u00eam por objetivo o desenvolvimento de pr\u00e1ticas integrativas das compet\u00eancias e habilidades previstas no n\u00facleo comum. Com isso, os acad\u00eamicos t\u00eam a oportunidade de exercitar a integra\u00e7\u00e3o entre teoria e pr\u00e1tica a partir do 5\u00b0 semestre do curso, tornando-os mais preparados para a realiza\u00e7\u00e3o futura dos est\u00e1gios profissionais.<\/p>\n<p>Tendo conclu\u00eddo 158 cr\u00e9ditos e cursado os Est\u00e1gios B\u00e1sicos a, b e c, o acad\u00eamico pode iniciar seu\u00a0<b>Est\u00e1gio Profissional I (EP-I)\u00a0<\/b>(196h), que tem seu objetivo pautado no desenvolvimento de atividades profissionais relativas \u00e0 \u00eanfase curricular escolhida, buscando solidificar as compet\u00eancias e habilidades constru\u00eddas ao longo das disciplinas da \u00eanfase. Ap\u00f3s essa primeira experi\u00eancia de est\u00e1gio profissional, o acad\u00eamico deve cursar a disciplina de\u00a0<b>Est\u00e1gio Profissional II (EP-II)<\/b>\u00a0(196h), a qual sugere-se que seja realizada no semestre seguinte e no mesmo local onde desenvolveu o EP-I.<\/p>\n<p align=\"center\"><b>Carga hor\u00e1ria semanal dos Est\u00e1gios Profissionais<\/b>:<\/p>\n<p align=\"center\">12 horas no local + supervis\u00e3o acad\u00eamica (na FACCAT).<\/p>\n<p>Ressalta-se que o EB-d poder\u00e1 ser feito concomitantemente aos est\u00e1gios b\u00e1sicos b e c e aos est\u00e1gios profissionais. No entanto, recomenda-se que o mesmo n\u00e3o seja realizado no mesmo local dos demais, com exce\u00e7\u00e3o daqueles cursados no CESEP.<\/p>\n<!-- AddThis Advanced Settings generic via filter on the_content --><!-- AddThis Share Buttons generic via filter on the_content -->","protected":false},"excerpt":{"rendered":"<p>Est\u00e1gios B\u00e1sicos Est\u00e1gios Profissionais Locais de Est\u00e1gios Coordenadora de Atividades de Est\u00e1gios:\u00a0Prof\u00aa Alessandra Rodrigues Jacoby\u00a0 \u00a0\u00a0E-mail: ale@faccat.br e Patr\u00edcia Manozzo Colossi E-mail: patriciacolossi@faccat.br O Curso de Psicologia da FACCAT inclui, em sua matriz curricular, a realiza\u00e7\u00e3o de seis est\u00e1gios supervisionados (informa\u00e7\u00f5es relativas ao curr\u00edculo 3). Esses est\u00e1gios, divididos em b\u00e1sicos e profissionais, devem ser desenvolvidos &hellip; <a href=\"https:\/\/psicologia.faccat.br\/blog\/formacao\/estagios\/\" class=\"more-link\">Continue lendo<span class=\"screen-reader-text\"> &#8220;Est\u00e1gios&#8221;<\/span><\/a><!-- AddThis Advanced Settings generic via filter on get_the_excerpt --><!-- AddThis Share Buttons generic via filter on get_the_excerpt --><\/p>\n","protected":false},"author":4,"featured_media":0,"parent":9,"menu_order":0,"comment_status":"open","ping_status":"open","template":"","meta":{"footnotes":""},"class_list":["post-11","page","type-page","status-publish","hentry"],"_links":{"self":[{"href":"https:\/\/psicologia.faccat.br\/blog\/wp-json\/wp\/v2\/pages\/11","targetHints":{"allow":["GET"]}}],"collection":[{"href":"https:\/\/psicologia.faccat.br\/blog\/wp-json\/wp\/v2\/pages"}],"about":[{"href":"https:\/\/psicologia.faccat.br\/blog\/wp-json\/wp\/v2\/types\/page"}],"author":[{"embeddable":true,"href":"https:\/\/psicologia.faccat.br\/blog\/wp-json\/wp\/v2\/users\/4"}],"replies":[{"embeddable":true,"href":"https:\/\/psicologia.faccat.br\/blog\/wp-json\/wp\/v2\/comments?post=11"}],"version-history":[{"count":42,"href":"https:\/\/psicologia.faccat.br\/blog\/wp-json\/wp\/v2\/pages\/11\/revisions"}],"predecessor-version":[{"id":6756,"href":"https:\/\/psicologia.faccat.br\/blog\/wp-json\/wp\/v2\/pages\/11\/revisions\/6756"}],"up":[{"embeddable":true,"href":"https:\/\/psicologia.faccat.br\/blog\/wp-json\/wp\/v2\/pages\/9"}],"wp:attachment":[{"href":"https:\/\/psicologia.faccat.br\/blog\/wp-json\/wp\/v2\/media?parent=11"}],"curies":[{"name":"wp","href":"https:\/\/api.w.org\/{rel}","templated":true}]}}